{"id":1062,"date":"2022-06-10T13:52:55","date_gmt":"2022-06-10T13:52:55","guid":{"rendered":"https:\/\/avec-madagascar.fr\/?page_id=1062"},"modified":"2026-02-13T20:02:29","modified_gmt":"2026-02-13T20:02:29","slug":"donner","status":"publish","type":"page","link":"https:\/\/avec-madagascar.fr\/?page_id=1062","title":{"rendered":"Donner"},"content":{"rendered":"\t\t<div data-elementor-type=\"wp-page\" data-elementor-id=\"1062\" class=\"elementor elementor-1062\">\n\t\t\t\t\t\t\t\t\t<section class=\"elementor-section elementor-top-section elementor-element elementor-element-720b3df0 elementor-section-boxed elementor-section-height-default elementor-section-height-default\" data-id=\"720b3df0\" data-element_type=\"section\">\n\t\t\t\t\t\t<div class=\"elementor-container elementor-column-gap-default\">\n\t\t\t\t\t<div class=\"elementor-column elementor-col-100 elementor-top-column elementor-element elementor-element-518fa630\" data-id=\"518fa630\" data-element_type=\"column\">\n\t\t\t<div class=\"elementor-widget-wrap elementor-element-populated\">\n\t\t\t\t\t\t\t\t<div class=\"elementor-element elementor-element-0b5454e elementor-widget elementor-widget-heading\" data-id=\"0b5454e\" data-element_type=\"widget\" data-widget_type=\"heading.default\">\n\t\t\t\t<div class=\"elementor-widget-container\">\n\t\t\t<style>\/*! elementor - v3.6.4 - 13-04-2022 *\/\n.elementor-heading-title{padding:0;margin:0;line-height:1}.elementor-widget-heading .elementor-heading-title[class*=elementor-size-]>a{color:inherit;font-size:inherit;line-height:inherit}.elementor-widget-heading .elementor-heading-title.elementor-size-small{font-size:15px}.elementor-widget-heading .elementor-heading-title.elementor-size-medium{font-size:19px}.elementor-widget-heading .elementor-heading-title.elementor-size-large{font-size:29px}.elementor-widget-heading .elementor-heading-title.elementor-size-xl{font-size:39px}.elementor-widget-heading .elementor-heading-title.elementor-size-xxl{font-size:59px}<\/style><h2 class=\"elementor-heading-title elementor-size-default\">Dons<\/h2>\t\t<\/div>\n\t\t\t\t<\/div>\n\t\t\t\t<div class=\"elementor-element elementor-element-5c81d70 elementor-widget elementor-widget-spacer\" data-id=\"5c81d70\" data-element_type=\"widget\" data-widget_type=\"spacer.default\">\n\t\t\t\t<div class=\"elementor-widget-container\">\n\t\t\t<style>\/*! elementor - v3.6.4 - 13-04-2022 *\/\n.e-container.e-container--row .elementor-spacer-inner{width:var(--spacer-size)}.e-container.e-container--column .elementor-spacer-inner,.elementor-column .elementor-spacer-inner{height:var(--spacer-size)}<\/style>\t\t<div class=\"elementor-spacer\">\n\t\t\t<div class=\"elementor-spacer-inner\"><\/div>\n\t\t<\/div>\n\t\t\t\t<\/div>\n\t\t\t\t<\/div>\n\t\t\t\t<div class=\"elementor-element elementor-element-94f6f61 elementor-widget elementor-widget-text-editor\" data-id=\"94f6f61\" data-element_type=\"widget\" data-widget_type=\"text-editor.default\">\n\t\t\t\t<div class=\"elementor-widget-container\">\n\t\t\t<style>\/*! elementor - v3.6.4 - 13-04-2022 *\/\n.elementor-widget-text-editor.elementor-drop-cap-view-stacked .elementor-drop-cap{background-color:#818a91;color:#fff}.elementor-widget-text-editor.elementor-drop-cap-view-framed .elementor-drop-cap{color:#818a91;border:3px solid;background-color:transparent}.elementor-widget-text-editor:not(.elementor-drop-cap-view-default) .elementor-drop-cap{margin-top:8px}.elementor-widget-text-editor:not(.elementor-drop-cap-view-default) .elementor-drop-cap-letter{width:1em;height:1em}.elementor-widget-text-editor .elementor-drop-cap{float:left;text-align:center;line-height:1;font-size:50px}.elementor-widget-text-editor .elementor-drop-cap-letter{display:inline-block}<\/style>\t\t\t\t<h3><strong>Re\u00e7u fiscal<\/strong><\/h3>\n<p>Si vous souhaitez b\u00e9n\u00e9ficier de la <strong>d\u00e9fiscalisation de votre don<\/strong>, merci de :<\/p>\n<ul>\n  <li>Nous indiquer <strong>votre nom et votre adresse compl\u00e8te<\/strong> lors du virement ou dans le formulaire,<\/li>\n  <li>Ou nous transmettre ces informations via notre <strong>formulaire de contact<\/strong> apr\u00e8s votre don.<\/li>\n<\/ul>\n<p>Ces \u00e9l\u00e9ments sont indispensables pour l\u2019\u00e9tablissement de votre re\u00e7u fiscal.<\/p>\n<p>Merci pour votre soutien \ud83d\udc9b<\/p>\n\t\t\t\t\t\t<\/div>\n\t\t\t\t<\/div>\n\t\t\t\t<div class=\"elementor-element elementor-element-a7152a7 elementor-widget elementor-widget-spacer\" data-id=\"a7152a7\" data-element_type=\"widget\" data-widget_type=\"spacer.default\">\n\t\t\t\t<div class=\"elementor-widget-container\">\n\t\t\t\t\t<div class=\"elementor-spacer\">\n\t\t\t<div class=\"elementor-spacer-inner\"><\/div>\n\t\t<\/div>\n\t\t\t\t<\/div>\n\t\t\t\t<\/div>\n\t\t\t\t<div class=\"elementor-element elementor-element-2d414d2b elementor-widget elementor-widget-text-editor\" data-id=\"2d414d2b\" data-element_type=\"widget\" data-widget_type=\"text-editor.default\">\n\t\t\t\t<div class=\"elementor-widget-container\">\n\t\t\t\t\t\t\t<!-- wp:paragraph -->\n<p>A.V.E.C., 6 bis rue de Ch\u00e2teaudun 28000 Chartres, association \u00ab\u00a0loi de 1901\u00a0\u00bb enregistr\u00e9e le 21 juin 2005 \u00e0 la sous-pr\u00e9fecture de Dreux, agr\u00e9\u00e9e d\u2019int\u00e9r\u00eat g\u00e9n\u00e9ral par d\u00e9cision de la Direction des Services Fiscaux d\u2019Eure et Loir en date du 1<sup>er<\/sup> septembre 2006, dont l\u2019objet est\u00a0\u00ab\u00a0La r\u00e9duction des in\u00e9galit\u00e9s entre habitants de la plan\u00e8te et notamment la coop\u00e9ration dite nord-sud par l\u2019aide au d\u00e9veloppement \u00e9conomique, social et culturel de pays o\u00f9 r\u00e8gne la pauvret\u00e9\u00a0\u00bb (J.O. du 16 juillet 2005). Inscrite au r\u00e9pertoire SIRENE de l\u2019INSEE sous le n\u00b0513\u00a0918\u00a0300 00015 et au RNA sous le n\u00b0 W283001368<\/p>\n<!-- \/wp:paragraph -->\n\n<!-- wp:paragraph -->\n<p><strong>Bulletin<\/strong> <strong>d&rsquo;adh\u00e9sion :  <\/strong><\/p>\n<!-- \/wp:paragraph -->\n\n<!-- wp:paragraph -->\n<p><\/p>\n<!-- \/wp:paragraph -->\t\t\t\t\t\t<\/div>\n\t\t\t\t<\/div>\n\t\t\t\t<div class=\"elementor-element elementor-element-e4006b1 elementor-widget elementor-widget-image\" data-id=\"e4006b1\" data-element_type=\"widget\" data-widget_type=\"image.default\">\n\t\t\t\t<div class=\"elementor-widget-container\">\n\t\t\t<style>\/*! elementor - v3.6.4 - 13-04-2022 *\/\n.elementor-widget-image{text-align:center}.elementor-widget-image a{display:inline-block}.elementor-widget-image a img[src$=\".svg\"]{width:48px}.elementor-widget-image img{vertical-align:middle;display:inline-block}<\/style>\t\t\t\t\t\t\t\t\t\t\t\t<img decoding=\"async\" width=\"790\" height=\"787\" src=\"https:\/\/avec-madagascar.fr\/wp-content\/uploads\/2024\/02\/Capture-decran-2024-02-09-161104.png\" class=\"attachment-large size-large\" alt=\"\" loading=\"lazy\" srcset=\"https:\/\/avec-madagascar.fr\/wp-content\/uploads\/2024\/02\/Capture-decran-2024-02-09-161104.png 790w, https:\/\/avec-madagascar.fr\/wp-content\/uploads\/2024\/02\/Capture-decran-2024-02-09-161104-300x300.png 300w, https:\/\/avec-madagascar.fr\/wp-content\/uploads\/2024\/02\/Capture-decran-2024-02-09-161104-150x150.png 150w, https:\/\/avec-madagascar.fr\/wp-content\/uploads\/2024\/02\/Capture-decran-2024-02-09-161104-768x765.png 768w\" sizes=\"(max-width: 790px) 100vw, 790px\" \/>\t\t\t\t\t\t\t\t\t\t\t\t\t\t\t<\/div>\n\t\t\t\t<\/div>\n\t\t\t\t<div class=\"elementor-element elementor-element-83d3b96 elementor-widget elementor-widget-spacer\" data-id=\"83d3b96\" data-element_type=\"widget\" data-widget_type=\"spacer.default\">\n\t\t\t\t<div class=\"elementor-widget-container\">\n\t\t\t\t\t<div class=\"elementor-spacer\">\n\t\t\t<div class=\"elementor-spacer-inner\"><\/div>\n\t\t<\/div>\n\t\t\t\t<\/div>\n\t\t\t\t<\/div>\n\t\t\t\t<div class=\"elementor-element elementor-element-ffafa1d elementor-widget elementor-widget-text-editor\" data-id=\"ffafa1d\" data-element_type=\"widget\" data-widget_type=\"text-editor.default\">\n\t\t\t\t<div class=\"elementor-widget-container\">\n\t\t\t\t\t\t\t<p><strong>Coordonn\u00e9es pour votre virement :\u00a0<\/strong><\/p>\n<table width=\"544\">\n<tbody>\n<tr>\n<td width=\"205\">\n<p><strong>IBAN : \u00a0\u00a0FR76 1440 6000 0990 0275 7568 389<\/strong><\/p>\n<\/td>\n<td width=\"126\">\n<p>\u00a0<\/p>\n<\/td>\n<td width=\"151\">\n<p><strong>BIC : AGRIFRPP844<\/strong><\/p>\n<\/td>\n<td width=\"52\">\n<p>\u00a0<\/p>\n<\/td>\n<\/tr>\n<\/tbody>\n<\/table>\n<p>\u00a0<\/p>\t\t\t\t\t\t<\/div>\n\t\t\t\t<\/div>\n\t\t\t\t\t<\/div>\n\t\t<\/div>\n\t\t\t\t\t\t\t<\/div>\n\t\t<\/section>\n\t\t\t\t<section class=\"elementor-section elementor-top-section elementor-element elementor-element-6e137c0 elementor-section-boxed elementor-section-height-default elementor-section-height-default\" data-id=\"6e137c0\" data-element_type=\"section\">\n\t\t\t\t\t\t<div class=\"elementor-container elementor-column-gap-default\">\n\t\t\t\t\t<div class=\"elementor-column elementor-col-100 elementor-top-column elementor-element elementor-element-a3ec774\" data-id=\"a3ec774\" data-element_type=\"column\">\n\t\t\t<div class=\"elementor-widget-wrap\">\n\t\t\t\t\t\t\t\t\t<\/div>\n\t\t<\/div>\n\t\t\t\t\t\t\t<\/div>\n\t\t<\/section>\n\t\t\t\t\t\t\t<\/div>\n\t\t","protected":false},"excerpt":{"rendered":"<p>Dons Re\u00e7u fiscal Si vous souhaitez b\u00e9n\u00e9ficier de la d\u00e9fiscalisation de votre don, merci de : Nous indiquer votre nom et votre adresse compl\u00e8te lors du virement ou dans le formulaire, Ou nous transmettre ces informations via notre formulaire de contact apr\u00e8s votre don. Ces \u00e9l\u00e9ments sont indispensables pour l\u2019\u00e9tablissement de votre re\u00e7u fiscal. Merci&hellip;&nbsp;<a href=\"https:\/\/avec-madagascar.fr\/?page_id=1062\" class=\"\" rel=\"bookmark\">Lire la suite &raquo;<span class=\"screen-reader-text\">Donner<\/span><\/a><\/p>\n","protected":false},"author":1,"featured_media":0,"parent":0,"menu_order":0,"comment_status":"closed","ping_status":"closed","template":"page-templates\/template-pagebuilder-full-width.php","meta":{"om_disable_all_campaigns":false,"_monsterinsights_skip_tracking":false,"_monsterinsights_sitenote_active":false,"_monsterinsights_sitenote_note":"","_monsterinsights_sitenote_category":0,"neve_meta_sidebar":"","neve_meta_container":"","neve_meta_enable_content_width":"","neve_meta_content_width":0,"neve_meta_title_alignment":"","neve_meta_author_avatar":"","neve_post_elements_order":"","neve_meta_disable_header":"","neve_meta_disable_footer":"","neve_meta_disable_title":""},"aioseo_notices":[],"_links":{"self":[{"href":"https:\/\/avec-madagascar.fr\/index.php?rest_route=\/wp\/v2\/pages\/1062"}],"collection":[{"href":"https:\/\/avec-madagascar.fr\/index.php?rest_route=\/wp\/v2\/pages"}],"about":[{"href":"https:\/\/avec-madagascar.fr\/index.php?rest_route=\/wp\/v2\/types\/page"}],"author":[{"embeddable":true,"href":"https:\/\/avec-madagascar.fr\/index.php?rest_route=\/wp\/v2\/users\/1"}],"replies":[{"embeddable":true,"href":"https:\/\/avec-madagascar.fr\/index.php?rest_route=%2Fwp%2Fv2%2Fcomments&post=1062"}],"version-history":[{"count":34,"href":"https:\/\/avec-madagascar.fr\/index.php?rest_route=\/wp\/v2\/pages\/1062\/revisions"}],"predecessor-version":[{"id":1473,"href":"https:\/\/avec-madagascar.fr\/index.php?rest_route=\/wp\/v2\/pages\/1062\/revisions\/1473"}],"wp:attachment":[{"href":"https:\/\/avec-madagascar.fr\/index.php?rest_route=%2Fwp%2Fv2%2Fmedia&parent=1062"}],"curies":[{"name":"wp","href":"https:\/\/api.w.org\/{rel}","templated":true}]}}