{"id":1242,"date":"2022-08-01T08:51:08","date_gmt":"2022-08-01T08:51:08","guid":{"rendered":"https:\/\/avec-madagascar.fr\/?page_id=1242"},"modified":"2022-08-01T08:56:40","modified_gmt":"2022-08-01T08:56:40","slug":"elementor-1242","status":"publish","type":"page","link":"https:\/\/avec-madagascar.fr\/?page_id=1242","title":{"rendered":"Conditions g\u00e9n\u00e9rales d\u2019utilisation du site\u00a0AVEC-Madagascar"},"content":{"rendered":"\t\t<div data-elementor-type=\"wp-page\" data-elementor-id=\"1242\" class=\"elementor elementor-1242\">\n\t\t\t\t\t\t\t\t\t<section class=\"elementor-section elementor-top-section elementor-element elementor-element-ff52364 elementor-section-boxed elementor-section-height-default elementor-section-height-default\" data-id=\"ff52364\" data-element_type=\"section\">\n\t\t\t\t\t\t<div class=\"elementor-container elementor-column-gap-default\">\n\t\t\t\t\t<div class=\"elementor-column elementor-col-100 elementor-top-column elementor-element elementor-element-2140e88\" data-id=\"2140e88\" data-element_type=\"column\">\n\t\t\t<div class=\"elementor-widget-wrap elementor-element-populated\">\n\t\t\t\t\t\t\t\t<div class=\"elementor-element elementor-element-c9d4702 elementor-widget elementor-widget-spacer\" data-id=\"c9d4702\" data-element_type=\"widget\" data-widget_type=\"spacer.default\">\n\t\t\t\t<div class=\"elementor-widget-container\">\n\t\t\t<style>\/*! elementor - v3.6.4 - 13-04-2022 *\/\n.e-container.e-container--row .elementor-spacer-inner{width:var(--spacer-size)}.e-container.e-container--column .elementor-spacer-inner,.elementor-column .elementor-spacer-inner{height:var(--spacer-size)}<\/style>\t\t<div class=\"elementor-spacer\">\n\t\t\t<div class=\"elementor-spacer-inner\"><\/div>\n\t\t<\/div>\n\t\t\t\t<\/div>\n\t\t\t\t<\/div>\n\t\t\t\t<div class=\"elementor-element elementor-element-21b849f elementor-widget elementor-widget-heading\" data-id=\"21b849f\" data-element_type=\"widget\" data-widget_type=\"heading.default\">\n\t\t\t\t<div class=\"elementor-widget-container\">\n\t\t\t<style>\/*! elementor - v3.6.4 - 13-04-2022 *\/\n.elementor-heading-title{padding:0;margin:0;line-height:1}.elementor-widget-heading .elementor-heading-title[class*=elementor-size-]>a{color:inherit;font-size:inherit;line-height:inherit}.elementor-widget-heading .elementor-heading-title.elementor-size-small{font-size:15px}.elementor-widget-heading .elementor-heading-title.elementor-size-medium{font-size:19px}.elementor-widget-heading .elementor-heading-title.elementor-size-large{font-size:29px}.elementor-widget-heading .elementor-heading-title.elementor-size-xl{font-size:39px}.elementor-widget-heading .elementor-heading-title.elementor-size-xxl{font-size:59px}<\/style><h2 class=\"elementor-heading-title elementor-size-default\">Conditions g\u00e9n\u00e9rales d\u2019utilisation du site\u00a0AVEC-Madagascar<\/h2>\t\t<\/div>\n\t\t\t\t<\/div>\n\t\t\t\t<div class=\"elementor-element elementor-element-f517d11 elementor-widget elementor-widget-spacer\" data-id=\"f517d11\" data-element_type=\"widget\" data-widget_type=\"spacer.default\">\n\t\t\t\t<div class=\"elementor-widget-container\">\n\t\t\t\t\t<div class=\"elementor-spacer\">\n\t\t\t<div class=\"elementor-spacer-inner\"><\/div>\n\t\t<\/div>\n\t\t\t\t<\/div>\n\t\t\t\t<\/div>\n\t\t\t\t<div class=\"elementor-element elementor-element-e9f5469 elementor-widget elementor-widget-text-editor\" data-id=\"e9f5469\" data-element_type=\"widget\" data-widget_type=\"text-editor.default\">\n\t\t\t\t<div class=\"elementor-widget-container\">\n\t\t\t<style>\/*! elementor - v3.6.4 - 13-04-2022 *\/\n.elementor-widget-text-editor.elementor-drop-cap-view-stacked .elementor-drop-cap{background-color:#818a91;color:#fff}.elementor-widget-text-editor.elementor-drop-cap-view-framed .elementor-drop-cap{color:#818a91;border:3px solid;background-color:transparent}.elementor-widget-text-editor:not(.elementor-drop-cap-view-default) .elementor-drop-cap{margin-top:8px}.elementor-widget-text-editor:not(.elementor-drop-cap-view-default) .elementor-drop-cap-letter{width:1em;height:1em}.elementor-widget-text-editor .elementor-drop-cap{float:left;text-align:center;line-height:1;font-size:50px}.elementor-widget-text-editor .elementor-drop-cap-letter{display:inline-block}<\/style>\t\t\t\t<p><strong>Article 1\u00a0: Objet<\/strong><br \/>Les pr\u00e9sentes CGU ou Conditions G\u00e9n\u00e9rales d\u2019Utilisation encadrent juridiquement<br \/>l\u2019utilisation des services du site AVEC-Madagascar.fr (ci-apr\u00e8s d\u00e9nomm\u00e9 \u00ab\u00a0le Site\u00a0\u00bb).<br \/>Constituant le contrat entre l\u2019association AVEC Madagascar et tout utilisateur disposant d\u2019un<br \/>acc\u00e8s \u00e0 Internet, ci-apr\u00e8s d\u00e9nomm\u00e9 \u00ab\u00a0l\u2019Utilisateur\u00a0\u00bb, l\u2019acc\u00e8s au Site doit \u00eatre pr\u00e9c\u00e9d\u00e9 de<br \/>l\u2019acceptation de ces CGU. L\u2019acc\u00e8s au Site signifie l\u2019acceptation des pr\u00e9sentes CGU.<\/p><p><br \/><strong>Article 2\u00a0:\u00a0Mentions l\u00e9gales<\/strong><br \/>L\u2019\u00e9dition du site AVEC-Madagascar est assur\u00e9e par l\u2019association \u00ab\u00a0Agir et Vivre Ensemble<br \/>pour Coop\u00e9rer\u00a0\u00bb, de sigle AVEC, inscrite au r\u00e9pertoire SIRENE de l\u2019INSEE sous le<br \/>n\u00b0513\u00a0918\u00a0300 00015 et au RNA sous le n\u00b0 W283001368, dont le si\u00e8ge social est situ\u00e9 au 6<br \/>bis, rue de Ch\u00e2teaudun &#8211; 28000 Chartres.<br \/>L\u2019h\u00e9bergeur du site AVEC-Madagasar.fr est la soci\u00e9t\u00e9\u00a0: HOSTINGER\u00a0INTERNATIONAL<br \/>LTD, 61 Lordou Vironos Street, 6023 Larnaca, CHYPRE.<\/p><p><br \/><strong>Article 3\u00a0: Acc\u00e8s au Site<\/strong><br \/>Le site AVEC-Madagascar permet d\u2019acc\u00e9der gratuitement aux services suivants\u00a0:<br \/>&#8211; Renseignement sur l\u2019association et ses actions ;<br \/>&#8211; Possibilit\u00e9 de faire des dons ainsi que de poser des questions et plus g\u00e9n\u00e9ralement<br \/>de communiquer par l\u2019interm\u00e9diaire de fiches \u00e0 remplir ou de mails.<br \/>Le Site est accessible gratuitement depuis n\u2019importe o\u00f9 par tout Utilisateur disposant d\u2019un<br \/>acc\u00e8s \u00e0 Internet. Tous les frais n\u00e9cessaires pour l\u2019acc\u00e8s aux services (mat\u00e9riel informatique,<br \/>connexion Internet\u2026) sont \u00e0 la charge de l\u2019Utilisateur.<br \/>Pour des raisons de maintenance ou autres, l\u2019acc\u00e8s au Site peut \u00eatre interrompu ou<br \/>suspendu par l\u2019\u00e9diteur sans pr\u00e9avis ni justification.<\/p><p><strong>Article 4\u00a0: Collecte des donn\u00e9es<\/strong><br \/>Pour la cr\u00e9ation du compte de l\u2019Utilisateur, la collecte des informations au moment de<br \/>l\u2019inscription sur le Site est n\u00e9cessaire et obligatoire. Conform\u00e9ment \u00e0 la loi n\u00b078-17 du 6<br \/>janvier relative \u00e0 l\u2019informatique, aux fichiers et aux libert\u00e9s, la collecte et le traitement<br \/>d\u2019informations personnelles s\u2019effectuent dans le respect de la vie priv\u00e9e.<br \/>Suivant la loi Informatique et Libert\u00e9s en date du 6 janvier 1978, articles 39 et 40, l\u2019Utilisateur<br \/>dispose du droit d\u2019acc\u00e9der, de rectifier, de supprimer et d\u2019opposer ses donn\u00e9es<br \/>personnelles. L\u2019exercice de ce droit s\u2019effectue exclusivement par\u00a0le \u00ab\u00a0Formulaire de<br \/>contact\u00a0\u00bb\u00a0du Site.<\/p><p><br \/><strong>Article 5\u00a0: Propri\u00e9t\u00e9 intellectuelle<\/strong><br \/>Les marques, logos ainsi que les contenus sans exception du Site AVEC-Madagascar<br \/>(illustrations graphiques, textes\u2026) sont prot\u00e9g\u00e9s par le Code de la propri\u00e9t\u00e9 intellectuelle et<br \/>par le droit d\u2019auteur.<br \/>La reproduction et la copie des contenus par l\u2019Utilisateur sont interdits sauf avoir obtenu au<br \/>pr\u00e9alable une autorisation expresse de ses repr\u00e9sentants l\u00e9gaux. Toute utilisation \u00e0 des<br \/>usages commerciaux ou \u00e0 des fins publicitaires est proscrite et pourra donner lieu \u00e0<br \/>poursuites.<\/p><p><br \/><strong>Article 6\u00a0: Responsabilit\u00e9<\/strong><br \/>Bien que les informations publi\u00e9es sur le Site soient r\u00e9put\u00e9es fiables, le Site se r\u00e9serve la<br \/>facult\u00e9 d\u2019une non-garantie de la fiabilit\u00e9 des sources.<br \/>Les informations diffus\u00e9es sur le Site AVEC-Madagascar sont pr\u00e9sent\u00e9es \u00e0 titre purement<br \/>informatif et sont sans valeur contractuelle. En d\u00e9pit des mises \u00e0 jour r\u00e9guli\u00e8res, la<br \/>responsabilit\u00e9 du Site ne peut \u00eatre engag\u00e9e en cas de modification des dispositions<br \/>administratives et juridiques apparaissant apr\u00e8s la publication. Il en est de m\u00eame pour<br \/>l\u2019utilisation et l\u2019interpr\u00e9tation des informations communiqu\u00e9es sur la plateforme.<br \/>Le Site d\u00e9cline toute responsabilit\u00e9 concernant les \u00e9ventuels virus pouvant infecter le<br \/>mat\u00e9riel informatique de l\u2019Utilisateur apr\u00e8s l\u2019utilisation ou l\u2019acc\u00e8s au Site.<\/p><p>Le Site ne peut \u00eatre tenu pour responsable en cas de force majeure ou du fait impr\u00e9visible et<br \/>insurmontable d\u2019un tiers.<br \/>La garantie totale de la s\u00e9curit\u00e9 et la confidentialit\u00e9 des donn\u00e9es n\u2019est pas assur\u00e9e par le<br \/>Site. Cependant, le Site s\u2019engage \u00e0 mettre en \u0153uvre toutes les m\u00e9thodes requises pour le<br \/>faire au mieux.<\/p><p><br \/><strong>Article 7\u00a0: Liens hypertextes<\/strong><br \/>Le Site peut \u00eatre constitu\u00e9 de liens hypertextes. En cliquant sur ces derniers, l\u2019Utilisateur<br \/>sortira de la plateforme. Cette derni\u00e8re n\u2019a pas de contr\u00f4le et ne peut pas \u00eatre tenue<br \/>responsable du contenu des pages web relatives \u00e0 ces liens.<\/p><p><br \/><strong>Article 8\u00a0: Cookies<\/strong><br \/>Lors des visites sur le Site, l\u2019installation automatique d\u2019un cookie sur le logiciel de navigation<br \/>de l\u2019Utilisateur peut survenir.<br \/>Les cookies correspondent \u00e0 de petits fichiers d\u00e9pos\u00e9s temporairement sur le disque dur de<br \/>l\u2019ordinateur de l\u2019Utilisateur. Ces cookies sont n\u00e9cessaires pour assurer l\u2019accessibilit\u00e9 et la<br \/>navigation sur le Site. Ces fichiers ne comportent pas d\u2019informations personnelles et ne<br \/>peuvent pas \u00eatre utilis\u00e9s pour l\u2019identification d\u2019une personne.<br \/>L\u2019information pr\u00e9sente dans les cookies est utilis\u00e9e pour am\u00e9liorer les performances de<br \/>navigation sur le Site AVEC-Madagascar.fr.<br \/>En naviguant sur le Site, l\u2019Utilisateur accepte les cookies. Leur d\u00e9sactivation peut s\u2019effectuer<br \/>via les param\u00e8tres du logiciel de navigation.<\/p><p><br \/><strong>Article 9\u00a0: Dur\u00e9e du contrat<\/strong><br \/>Le pr\u00e9sent contrat est valable pour une dur\u00e9e ind\u00e9termin\u00e9e. Le d\u00e9but de l\u2019utilisation des<br \/>services du Site marque l\u2019application du contrat \u00e0 l\u2019\u00e9gard de l\u2019Utilisateur.<\/p><p><br \/><strong>Article 10\u00a0: Droit applicable et juridiction comp\u00e9tente<\/strong><\/p><p>Le pr\u00e9sent contrat est soumis \u00e0 la l\u00e9gislation fran\u00e7aise. L\u2019absence de r\u00e9solution \u00e0 l\u2019amiable<br \/>des cas de litige entre les parties implique le recours aux tribunaux fran\u00e7ais comp\u00e9tents pour<br \/>r\u00e9gler le contentieux.<\/p>\t\t\t\t\t\t<\/div>\n\t\t\t\t<\/div>\n\t\t\t\t\t<\/div>\n\t\t<\/div>\n\t\t\t\t\t\t\t<\/div>\n\t\t<\/section>\n\t\t\t\t\t\t\t<\/div>\n\t\t","protected":false},"excerpt":{"rendered":"<p>Conditions g\u00e9n\u00e9rales d\u2019utilisation du site&nbsp;AVEC-Madagascar Article 1&nbsp;: Objet Les pr\u00e9sentes CGU ou Conditions G\u00e9n\u00e9rales d\u2019Utilisation encadrent juridiquement l\u2019utilisation des services du site AVEC-Madagascar.fr (ci-apr\u00e8s d\u00e9nomm\u00e9 \u00ab&nbsp;le Site&nbsp;\u00bb). Constituant le contrat entre l\u2019association AVEC Madagascar et tout utilisateur disposant d\u2019un acc\u00e8s \u00e0 Internet, ci-apr\u00e8s d\u00e9nomm\u00e9 \u00ab&nbsp;l\u2019Utilisateur&nbsp;\u00bb, l\u2019acc\u00e8s au Site doit \u00eatre pr\u00e9c\u00e9d\u00e9 de l\u2019acceptation de ces&hellip;&nbsp;<a href=\"https:\/\/avec-madagascar.fr\/?page_id=1242\" class=\"\" rel=\"bookmark\">Lire la suite &raquo;<span class=\"screen-reader-text\">Conditions g\u00e9n\u00e9rales d\u2019utilisation du site\u00a0AVEC-Madagascar<\/span><\/a><\/p>\n","protected":false},"author":1,"featured_media":0,"parent":0,"menu_order":0,"comment_status":"closed","ping_status":"closed","template":"page-templates\/template-pagebuilder-full-width.php","meta":{"om_disable_all_campaigns":false,"_monsterinsights_skip_tracking":false,"_monsterinsights_sitenote_active":false,"_monsterinsights_sitenote_note":"","_monsterinsights_sitenote_category":0,"neve_meta_sidebar":"","neve_meta_container":"","neve_meta_enable_content_width":"","neve_meta_content_width":0,"neve_meta_title_alignment":"","neve_meta_author_avatar":"","neve_post_elements_order":"","neve_meta_disable_header":"","neve_meta_disable_footer":"","neve_meta_disable_title":""},"aioseo_notices":[],"_links":{"self":[{"href":"https:\/\/avec-madagascar.fr\/index.php?rest_route=\/wp\/v2\/pages\/1242"}],"collection":[{"href":"https:\/\/avec-madagascar.fr\/index.php?rest_route=\/wp\/v2\/pages"}],"about":[{"href":"https:\/\/avec-madagascar.fr\/index.php?rest_route=\/wp\/v2\/types\/page"}],"author":[{"embeddable":true,"href":"https:\/\/avec-madagascar.fr\/index.php?rest_route=\/wp\/v2\/users\/1"}],"replies":[{"embeddable":true,"href":"https:\/\/avec-madagascar.fr\/index.php?rest_route=%2Fwp%2Fv2%2Fcomments&post=1242"}],"version-history":[{"count":5,"href":"https:\/\/avec-madagascar.fr\/index.php?rest_route=\/wp\/v2\/pages\/1242\/revisions"}],"predecessor-version":[{"id":1247,"href":"https:\/\/avec-madagascar.fr\/index.php?rest_route=\/wp\/v2\/pages\/1242\/revisions\/1247"}],"wp:attachment":[{"href":"https:\/\/avec-madagascar.fr\/index.php?rest_route=%2Fwp%2Fv2%2Fmedia&parent=1242"}],"curies":[{"name":"wp","href":"https:\/\/api.w.org\/{rel}","templated":true}]}}