{"id":1256,"date":"2022-09-29T10:03:17","date_gmt":"2022-09-29T10:03:17","guid":{"rendered":"https:\/\/avec-madagascar.fr\/?page_id=1256"},"modified":"2022-09-29T12:10:15","modified_gmt":"2022-09-29T12:10:15","slug":"2022-3","status":"publish","type":"page","link":"https:\/\/avec-madagascar.fr\/?page_id=1256","title":{"rendered":"2022"},"content":{"rendered":"\t\t<div data-elementor-type=\"wp-page\" data-elementor-id=\"1256\" class=\"elementor elementor-1256\">\n\t\t\t\t\t\t\t\t\t<section class=\"elementor-section elementor-top-section elementor-element elementor-element-650e4cb elementor-section-boxed elementor-section-height-default elementor-section-height-default\" data-id=\"650e4cb\" data-element_type=\"section\">\n\t\t\t\t\t\t<div class=\"elementor-container elementor-column-gap-default\">\n\t\t\t\t\t<div class=\"elementor-column elementor-col-100 elementor-top-column elementor-element elementor-element-4969ec4\" data-id=\"4969ec4\" data-element_type=\"column\">\n\t\t\t<div class=\"elementor-widget-wrap elementor-element-populated\">\n\t\t\t\t\t\t\t\t<div class=\"elementor-element elementor-element-dffd51e elementor-widget elementor-widget-heading\" data-id=\"dffd51e\" data-element_type=\"widget\" data-widget_type=\"heading.default\">\n\t\t\t\t<div class=\"elementor-widget-container\">\n\t\t\t<style>\/*! elementor - v3.6.4 - 13-04-2022 *\/\n.elementor-heading-title{padding:0;margin:0;line-height:1}.elementor-widget-heading .elementor-heading-title[class*=elementor-size-]>a{color:inherit;font-size:inherit;line-height:inherit}.elementor-widget-heading .elementor-heading-title.elementor-size-small{font-size:15px}.elementor-widget-heading .elementor-heading-title.elementor-size-medium{font-size:19px}.elementor-widget-heading .elementor-heading-title.elementor-size-large{font-size:29px}.elementor-widget-heading .elementor-heading-title.elementor-size-xl{font-size:39px}.elementor-widget-heading .elementor-heading-title.elementor-size-xxl{font-size:59px}<\/style><h2 class=\"elementor-heading-title elementor-size-default\">2022<\/h2>\t\t<\/div>\n\t\t\t\t<\/div>\n\t\t\t\t\t<\/div>\n\t\t<\/div>\n\t\t\t\t\t\t\t<\/div>\n\t\t<\/section>\n\t\t\t\t<section class=\"elementor-section elementor-top-section elementor-element elementor-element-efb40b8 elementor-section-boxed elementor-section-height-default elementor-section-height-default\" data-id=\"efb40b8\" data-element_type=\"section\">\n\t\t\t\t\t\t<div class=\"elementor-container elementor-column-gap-default\">\n\t\t\t\t\t<div class=\"elementor-column elementor-col-100 elementor-top-column elementor-element elementor-element-86faaf6\" data-id=\"86faaf6\" data-element_type=\"column\">\n\t\t\t<div class=\"elementor-widget-wrap elementor-element-populated\">\n\t\t\t\t\t\t\t\t<div class=\"elementor-element elementor-element-d30627e elementor-widget elementor-widget-text-editor\" data-id=\"d30627e\" data-element_type=\"widget\" data-widget_type=\"text-editor.default\">\n\t\t\t\t<div class=\"elementor-widget-container\">\n\t\t\t<style>\/*! elementor - v3.6.4 - 13-04-2022 *\/\n.elementor-widget-text-editor.elementor-drop-cap-view-stacked .elementor-drop-cap{background-color:#818a91;color:#fff}.elementor-widget-text-editor.elementor-drop-cap-view-framed .elementor-drop-cap{color:#818a91;border:3px solid;background-color:transparent}.elementor-widget-text-editor:not(.elementor-drop-cap-view-default) .elementor-drop-cap{margin-top:8px}.elementor-widget-text-editor:not(.elementor-drop-cap-view-default) .elementor-drop-cap-letter{width:1em;height:1em}.elementor-widget-text-editor .elementor-drop-cap{float:left;text-align:center;line-height:1;font-size:50px}.elementor-widget-text-editor .elementor-drop-cap-letter{display:inline-block}<\/style>\t\t\t\t<p>Notre Assembl\u00e9e G\u00e9n\u00e9rale annuelle s\u2019est tenue le 11 juin 2022 chez notre secr\u00e9taire, Jean LACOIN, qui avait r\u00e9serv\u00e9 des sessions Zoom pour ceux qui souhaitaient participer \u00e0 l\u2019AGO via Internet en visio-conf\u00e9rence. Notre association comptait 37 adh\u00e9rents \u00e0 jour de leur cotisation 2021, 29 \u00e9taient pr\u00e9sents ou repr\u00e9sent\u00e9s, soit 78,4% des adh\u00e9rents, l\u2019AG a donc pu valablement d\u00e9lib\u00e9rer, un r\u00e9sum\u00e9 en est ici pr\u00e9sent\u00e9.<\/p><p><strong>Maurice Jomard a abord\u00e9 dans son rapport moral ce qui justifie de continuer d\u2019agir \u00e0 Madagascar\u00a0:<\/strong><\/p><p><strong>\u00a0<\/strong>&#8211; Dans le monde sur plus de 7 milliards d\u2019\u00eatres humains, il y en a environ 20% qui vivent avec moins d\u2019un dollar par jour <strong>! \u00c0 Madagascar (27 millions) c\u2019est 70% de la population, c\u2019est le 8<sup>\u00e8me<\/sup> pays le plus pauvre<\/strong><\/p><p>&#8211; Dans le monde plus de 1 milliard de personnes souffrent de la faim. \u00c0 Madagascar sur 27 millions d\u2019habitants ils sont plus de 35% de la population,<strong> c\u2019est le 4<sup>\u00e8me<\/sup> pays qui souffre le plus de la faim.<\/strong> Plus de 700.000 personnes souffrent depuis 2010 de famines r\u00e9currentes \u00e0 cause de la s\u00e8cheresse dans le sud-ouest de l\u2019\u00eele.<\/p><p>&#8211; Dans le monde plus de 2 milliards de personnes, soit 30 % de la\u00a0population mondiale, n&rsquo;ont toujours\u00a0<strong>pas acc\u00e8s<\/strong>\u00a0\u00e0 l\u2019<strong>eau potable g\u00e9r\u00e9e en s\u00e9curit\u00e9, <\/strong>785 millions de personnes (10%) ne b\u00e9n\u00e9ficient m\u00eame pas d\u2019un service de base. Probl\u00e8me tr\u00e8s li\u00e9,\u00a04,5 milliards, soit 60 %, ne disposent\u00a0pas\u00a0d&rsquo;assainissement. <strong>\u00c0 Madagascar ces pourcentages de la population sont les m\u00eames.<\/strong><\/p><p><strong>\u00a0<\/strong>&#8211; Dans le\u00a0monde,\u00a0au moins 400 millions de personnes ont un acc\u00e8s\u00a0insuffisant, voire inexistant, \u00e0 des soins, la moiti\u00e9 au moins de la population de la plan\u00e8te n\u2019a pas acc\u00e8s aux services de sant\u00e9 essentiels. A <strong>Madagascar, il y a un sous-\u00e9quipement \u00ab\u00a0sant\u00e9\u00a0\u00bb dramatique<\/strong>\u00a0: 3206 Centre de Sant\u00e9 de Base, dont 2586 CSB publics. Seuls 30% des CSB fonctionnent avec des r\u00e9frig\u00e9rateurs soit 809. De plus<strong> le taux des consultations des CSB\u00a0diminue<\/strong>. Si en 2000, le taux \u00e9tait de 50,2%, en 2016 le taux il n\u2019\u00e9tait plus que de 33,8% (<strong>co\u00fbt<\/strong> pour les plus pauvres, <strong>non proximit\u00e9<\/strong> des CSB de la population, <strong>non fonctionnement<\/strong> des CSB \u00e0 cause du manque de moyens).<\/p><p><strong>Madagascar est donc en mati\u00e8re de sant\u00e9 parmi les plus mal lotis. <\/strong><\/p><p><strong>\u00a0<\/strong><strong>C\u2019est pourquoi dans la droite ligne des pr\u00e9conisations de l\u2019OMS, AVEC se doit de continuer d\u2019agir en mati\u00e8re de sant\u00e9 en brousse\u00a0(dispensaires d\u2019Antsiramandroso et Marotsiriry, poste de sant\u00e9 de Mahazoarivo).<\/strong><\/p><p><strong>\u00a0<\/strong><strong>L\u2019exemple du dispensaire d\u2019Antsiramandroso, qu\u2019AVEC soutient depuis 2006, est illustratif de ce qu\u2019AVEC permet. <\/strong>Une pr\u00e9sentation s\u2019ensuit avec la contribution de Luc Ravinet (vice-pr\u00e9sident charg\u00e9 du domaine sant\u00e9). Elle est r\u00e9sum\u00e9e ci-dessous.<\/p><p>Ce dispensaire est situ\u00e9 au sein de la commune de Tamatave suburbaine sur la c\u00f4te est, il couvre les villages ruraux \u00e0 l\u2019ouest de\u00a0<a href=\"https:\/\/en.wikipedia.org\/wiki\/Toamasina\">T<\/a>amatave et comptait 46.859 habitants en 2019. L\u2019activit\u00e9 est structur\u00e9e par environ <strong>7000 visites annuelles<\/strong> en 2021 (6700 en 2020), elle a fortement progress\u00e9 avec l\u2019arriv\u00e9e d\u2019une infirmi\u00e8re suppl\u00e9mentaire en 2019 (4700 visites alors), ce qui a permis de diagnostiquer et agir (notamment, vaccinations et malnutrition).<\/p><p>Le <strong>paludisme <\/strong>y est tr\u00e8s pr\u00e9occupant. La fluctuation du nombre de cas (plus de 400 en 2019 et 2021, 750 en 2020) est essentiellement li\u00e9e \u00e0 l\u2019action du Minist\u00e8re\u00a0de\u00a0la\u00a0Sant\u00e9\u00a0: pulv\u00e9risation\u00a0d\u2019insecticide\u00a0dans\u00a0les\u00a0habitations interrompue en 2020 et distribution\u00a0de\u00a0moustiquaires\u00a0impr\u00e9gn\u00e9es seulement\u00a0tous les 3 ans.<\/p><p>La <strong>tuberculose<\/strong> y est tr\u00e8s pr\u00e9sente\u00a0: 54 cas en 2019 dont 6 cas d\u2019extra pulmonaire (souvent osseuse), 75 cas en 2020 dont 16 d\u2019extra pulmonaire, 59 cas en 2021 dont 10 cas d\u2019extra pulmonaire et 7 d\u2019enfants. Elle est bien soign\u00e9e gr\u00e2ce \u00e0 <strong>l\u2019accueil de longue dur\u00e9e<\/strong> dans le dispensaire (b\u00e2timents construits par AVEC), qui permet des soins efficaces et adapt\u00e9s. Les malades sont hospitalit\u00e9s au dispensaire pendant plusieurs mois accompagn\u00e9s d\u2019un ou plusieurs membres de leur famille, qui les nourrit et aide aux soins. En 2021 il y a eu 27 gu\u00e9risons et malheureusement 3 d\u00e9c\u00e8s, tous les autres malades sont encore en cours de traitement.<\/p><p>La <strong>l\u00e8pre <\/strong>reste pr\u00e9sente\u00a0: les cas de l\u00e8pre d\u00e9pist\u00e9s positifs trait\u00e9s (traitement pendant 12 mois) \u00e9taient de 22 cas en 2019, 6 cas suppl\u00e9mentaires en 2020, il restait 16 cas d\u00e9pist\u00e9s en cours de traitement, dont un enfant, fin 2021.<\/p><p>\u00a0Le dispensaire participe activement aux campagnes de vaccination, cette activit\u00e9 a augment\u00e9 fortement en 2019 o\u00f9 une <strong>campagne d\u2019\u00e9radication de la rougeole<\/strong> a eu lieu (1014 enfants de 9 mois \u00e0 9 ans vaccin\u00e9s), en r\u00e9action au d\u00e9pistage de 80 cas ayant conduit \u00e0 3 d\u00e9c\u00e8s.<\/p><p>L\u2019action du dispensaire a \u00e9t\u00e9 d\u00e9terminante en mati\u00e8re de <strong>malnutrition des enfants<\/strong>, celle-ci \u00e9tant devenue tr\u00e8s pr\u00e9occupante avec 10% des enfants pes\u00e9s concern\u00e9s :<\/p><p>En 2018\u00a0sur\u00a01250\u00a0enfants\u00a0pes\u00e9s,\u00a0133\u00a0pr\u00e9sentaient\u00a0une\u00a0malnutrition\u00a0\u00a0<br \/>En\u00a02019\u00a0sur\u00a01730\u00a0enfants\u00a0pes\u00e9s,\u00a0178 pr\u00e9sentaient\u00a0une\u00a0malnutrition.<\/p><p>La situation s\u2019est fortement am\u00e9lior\u00e9e gr\u00e2ce \u00e0 l\u2019action du dispensaire, notamment en mati\u00e8re de suivi, d\u2019information et de conseils aux jeunes mamans\u00a0:<\/p><p>En 2020 sur 1374 enfants pes\u00e9s, 53 enfants pr\u00e9sentaient une malnutrition (4%).<\/p><p>En 2021 sur 1491 enfants pes\u00e9s, 13 enfants pr\u00e9sentaient une malnutrition (0,9%). Il demeure des cas de malnutritions s\u00e9v\u00e8res, surtout d\u2019enfants orphelins.<\/p><p>Les <strong>accouchements au dispensaire (de 30 \u00e0 50 par an)<\/strong> sont peu nombreux en rapport au nombre de <strong>consultations pr\u00e9natales<\/strong> (572 en 2021, soit environ <strong>50 par mois<\/strong>) du fait de l\u2019existence de matrones dans les villages qui \u00e9vitent les d\u00e9placements aux futures mamans suivies par le dispensaire et diagnostiqu\u00e9es sans risque.<\/p><p>Enfin, l\u2019activit\u00e9 du laboratoire est importante en soutien des diagnostics, elle est rendue possible par la pr\u00e9sence d\u2019une laborantine et des mat\u00e9riels fournis notamment par AVEC et l\u2019Etat.<\/p><p><strong>Maurice a pr\u00e9sent\u00e9 ensuite ce qui a \u00e9t\u00e9 engag\u00e9 pour l\u2019autonomisation financi\u00e8re de notre partenaire,<\/strong><strong> les Filles de la Sagesse,<\/strong> <strong>dans toute son action sociale\u00a0: sant\u00e9, \u00e9ducation, d\u00e9veloppement rural, etc.<\/strong> Cela s\u2019est concr\u00e9tis\u00e9 en p\u00e9riph\u00e9rie urbaine d\u2019Antsirabe, avec le projet de <strong>modernisation de la ferme laiti\u00e8re d\u2019Ambohimanamora.<\/strong><\/p><p>Depuis la mission de juillet 2019 d\u2019AVEC, effectu\u00e9e sur place avec l\u2019appui en comp\u00e9tences du Centre International de Recherche Agronomique pour le D\u00e9veloppement (CIRAD d\u2019Antsirabe), un plan d\u2019action a \u00e9t\u00e9 lanc\u00e9 en identifiant les besoins d\u2019investissements. Sa mise en \u0153uvre s\u2019est concr\u00e9tis\u00e9e pour AVEC en 2020 et 2021 par\u00a0:<\/p><ul><li>Une convention de collaboration sign\u00e9e le 3 juin 2020 via Internet avec Sr Symphorose, alors sup\u00e9rieure de la congr\u00e9gation \u00e0 Madagascar, assurant, en contrepartie d\u2019un d\u2019investissement de 20.830\u20ac, que 25% des exc\u00e9dents d\u2019exploitation seront consacr\u00e9s au domaine sant\u00e9 et 75% au domaine \u00e9ducation<\/li><li>Un plan d\u2019investissement de 20.830\u20ac r\u00e9alis\u00e9 sous la direction de Sr Georgine sur place pour\u00a0:<ul><li>La construction d\u2019un ch\u00e2teau d\u2019eau<\/li><li>L\u2019installation d\u2019un syst\u00e8me de pompage aliment\u00e9 \u00e9lectriquement par panneaux photovolta\u00efques partag\u00e9s avec la salle de traite et le tank \u00e0 lait<\/li><li>La construction d\u2019un b\u00e2timent partitionn\u00e9 en une salle de traite et de stockage du lait, d\u2019une maternit\u00e9 pour les v\u00ealantes et de box d\u2019accueil des jeunes veaux<\/li><li>L\u2019achat et l\u2019installation d\u2019un tank \u00e0 lait et de trayeuses \u00e9lectriques<\/li><\/ul><\/li><li>Le proc\u00e8s-verbal de r\u00e9ception d\u00e9finitive de ces travaux a \u00e9t\u00e9 sign\u00e9 le 18 octobre 2021 avec Sr Henriette, la nouvelle sup\u00e9rieure, actant des d\u00e9penses de 82,8 millions ariary soit environ 20.530\u20ac<\/li><li>Une \u00e9tude pr\u00e9alable a \u00e9t\u00e9 engag\u00e9e pour accro\u00eetre la valeur ajout\u00e9e de la commercialisation du lait produit, cela pourrait se concr\u00e9tiser par la commercialisation de fromages, qui est un savoir-faire connu des s\u0153urs.<\/li><\/ul><p>Le r\u00e9sultat d\u2019exploitation de la ferme, calcul\u00e9 par Sr Georgine, est en progression : apr\u00e8s un d\u00e9ficit en 2019 de presque 5.000\u20ac, il est pass\u00e9 \u00e0 un exc\u00e9dent d\u2019environ 4.000\u20ac en 2020 et 6.500\u20ac en 2021<\/p><p><strong>L\u2019AMP (Agence des Micro-Projets) a valid\u00e9 le bilan final des investissements r\u00e9alis\u00e9s \u00e0 la ferme et va verser \u00e0 AVEC le solde de sa subvention soit 5.000\u20ac <\/strong><em>(effectu\u00e9 depuis)<\/em><\/p><p>Les tableaux financiers pr\u00e9sent\u00e9s avaient \u00e9t\u00e9 v\u00e9rifi\u00e9s et certifi\u00e9s par la tr\u00e9sori\u00e8re-adjointe (Bernadette Boucher) et adress\u00e9s aux membres de l\u2019association avec le courrier de convocation. Maurice Jomard commente les comptes en pr\u00e9cisant que\u00a0l\u2019absence d\u2019investissements, due \u00e0 la COVID, conduit cette ann\u00e9e \u00e0 un exc\u00e9dent de 7.207,90\u20ac, qu\u2019il est propos\u00e9 de mettre en r\u00e9serve, notamment pour les projets \u00ab\u00a0sant\u00e9\u00a0\u00bb dans les dispensaires eu \u00e9gard aux subventions re\u00e7ues.<\/p><p>Les disponibilit\u00e9s de tr\u00e9sorerie permettront de financer les projets \u00ab\u00a0sant\u00e9\u00a0\u00bb (formation, \u00e9quipements des maternit\u00e9s, informatisation) et de r\u00e9aliser tout ou partie des investissements n\u00e9cessaires apr\u00e8s la r\u00e9alisation de l\u2019\u00e9tude pr\u00e9alable de la fromagerie \u00e0 Ambohimanamora.<\/p><p>Maurice a indiqu\u00e9 comment l\u2019action allait pouvoir se poursuivre, d\u00e8s \u00e0 pr\u00e9sent \u00e0 distance \u00e0 cause de la COVID, puis sur place sans doute en novembre, sur les 3 axes suivants\u00a0:<\/p><ul><li>Formation des s\u0153urs soignantes\u00a0(si possible sur place) et financement des \u00e9tudes d\u2019une sage-femme.<\/li><li>Equipements des dispensaires\u00a0: \u00e0 Antisramandroso, avec l\u2019achat des mat\u00e9riels n\u00e9cessaires pour la cr\u00e9ation du service de maternit\u00e9, ainsi qu\u2019\u00e0 Antsiramandroso et Marotsiriry avec l\u2019informatisation des dossiers m\u00e9dicaux et leur utilisation lors des consultations.<\/li><li>Modernisation de la ferme laiti\u00e8re d\u2019Ambohimanamora en lan\u00e7ant, d\u2019une part, l\u2019\u00e9tude de la construction d\u2019une fromagerie pour laquelle la localisation sera \u00e0 choisir entre les 2 communaut\u00e9s des Filles de la Sagesse \u00e0 proximit\u00e9 d\u2019Antsirabe (Ambohimanamora et Ansahamanambina), et d\u2019autre part, l\u2019\u00e9tude marketing et commerciale.<\/li><\/ul><p>Toutes les r\u00e9solutions\u00a0:<\/p><ul><li>Adoption du rapport moral et d\u2019activit\u00e9<\/li><li>Adoption du rapport financier<\/li><li>Renouvellement du Conseil<\/li><li>Poursuite des actions en mati\u00e8re de sant\u00e9 dans les dispensaires et en mati\u00e8re de d\u00e9veloppement dans la ferme d\u2019Ambohimanamora<\/li><\/ul><p>ont \u00e9t\u00e9 adopt\u00e9es \u00e0 l\u2019unanimit\u00e9 par l\u2019assembl\u00e9e g\u00e9n\u00e9rale et par voie de cons\u00e9quence, le Conseil d\u2019administration a \u00e9t\u00e9 reconduit en totalit\u00e9.<\/p><p>Enfin, Maurice Jomard a donn\u00e9 la parole \u00e0 Imeline Pillet, membre d\u2019AVEC, qui pr\u00e9sente sa d\u00e9marche et ses choix de r\u00e9alisation pour le <strong>site Internet d\u2019AVEC<\/strong>, qu\u2019elle s\u2019\u00e9tait engag\u00e9e \u00e0 construire b\u00e9n\u00e9volement, lors de l\u2019assembl\u00e9e g\u00e9n\u00e9rale en novembre 2021\u00a0: prise de connaissance de la masse d\u2019informations disponibles, charte graphique adapt\u00e9e \u00e0 partir des couleurs du logo, maquette sous XD, cr\u00e9ation du nom de domaine <strong>avec-madagascar.fr<\/strong>, choix d\u2019h\u00e9bergement sous Hostinger, d\u00e9veloppement sous WordPress.<\/p><p>Elle a proc\u00e9d\u00e9 \u00e0 la pr\u00e9sentation du site, elle pr\u00e9cise qu\u2019elle est en train d\u2019en finaliser les contenus et que l\u2019ouverture au public pourra avoir lieu ensuite lorsque les mentions obligatoires ou r\u00e9glementaires auront \u00e9t\u00e9 introduites. Les applaudissements unanimes ont salu\u00e9 la pr\u00e9sentation de cette r\u00e9alisation.<\/p>\t\t\t\t\t\t<\/div>\n\t\t\t\t<\/div>\n\t\t\t\t\t<\/div>\n\t\t<\/div>\n\t\t\t\t\t\t\t<\/div>\n\t\t<\/section>\n\t\t\t\t\t\t\t<\/div>\n\t\t","protected":false},"excerpt":{"rendered":"<p>2022 Notre Assembl\u00e9e G\u00e9n\u00e9rale annuelle s\u2019est tenue le 11 juin 2022 chez notre secr\u00e9taire, Jean LACOIN, qui avait r\u00e9serv\u00e9 des sessions Zoom pour ceux qui souhaitaient participer \u00e0 l\u2019AGO via Internet en visio-conf\u00e9rence. Notre association comptait 37 adh\u00e9rents \u00e0 jour de leur cotisation 2021, 29 \u00e9taient pr\u00e9sents ou repr\u00e9sent\u00e9s, soit 78,4% des adh\u00e9rents, l\u2019AG a&hellip;&nbsp;<a href=\"https:\/\/avec-madagascar.fr\/?page_id=1256\" class=\"\" rel=\"bookmark\">Lire la suite &raquo;<span class=\"screen-reader-text\">2022<\/span><\/a><\/p>\n","protected":false},"author":1,"featured_media":0,"parent":0,"menu_order":0,"comment_status":"closed","ping_status":"closed","template":"page-templates\/template-pagebuilder-full-width.php","meta":{"om_disable_all_campaigns":false,"_monsterinsights_skip_tracking":false,"_monsterinsights_sitenote_active":false,"_monsterinsights_sitenote_note":"","_monsterinsights_sitenote_category":0,"neve_meta_sidebar":"","neve_meta_container":"","neve_meta_enable_content_width":"","neve_meta_content_width":0,"neve_meta_title_alignment":"","neve_meta_author_avatar":"","neve_post_elements_order":"","neve_meta_disable_header":"","neve_meta_disable_footer":"","neve_meta_disable_title":""},"aioseo_notices":[],"_links":{"self":[{"href":"https:\/\/avec-madagascar.fr\/index.php?rest_route=\/wp\/v2\/pages\/1256"}],"collection":[{"href":"https:\/\/avec-madagascar.fr\/index.php?rest_route=\/wp\/v2\/pages"}],"about":[{"href":"https:\/\/avec-madagascar.fr\/index.php?rest_route=\/wp\/v2\/types\/page"}],"author":[{"embeddable":true,"href":"https:\/\/avec-madagascar.fr\/index.php?rest_route=\/wp\/v2\/users\/1"}],"replies":[{"embeddable":true,"href":"https:\/\/avec-madagascar.fr\/index.php?rest_route=%2Fwp%2Fv2%2Fcomments&post=1256"}],"version-history":[{"count":6,"href":"https:\/\/avec-madagascar.fr\/index.php?rest_route=\/wp\/v2\/pages\/1256\/revisions"}],"predecessor-version":[{"id":1286,"href":"https:\/\/avec-madagascar.fr\/index.php?rest_route=\/wp\/v2\/pages\/1256\/revisions\/1286"}],"wp:attachment":[{"href":"https:\/\/avec-madagascar.fr\/index.php?rest_route=%2Fwp%2Fv2%2Fmedia&parent=1256"}],"curies":[{"name":"wp","href":"https:\/\/api.w.org\/{rel}","templated":true}]}}