{"id":1321,"date":"2023-08-17T09:11:31","date_gmt":"2023-08-17T09:11:31","guid":{"rendered":"https:\/\/avec-madagascar.fr\/?page_id=1321"},"modified":"2023-08-17T09:16:53","modified_gmt":"2023-08-17T09:16:53","slug":"2023-2","status":"publish","type":"page","link":"https:\/\/avec-madagascar.fr\/?page_id=1321","title":{"rendered":"2023"},"content":{"rendered":"\t\t<div data-elementor-type=\"wp-page\" data-elementor-id=\"1321\" class=\"elementor elementor-1321\">\n\t\t\t\t\t\t\t\t\t<section class=\"elementor-section elementor-top-section elementor-element elementor-element-8a8534d elementor-section-boxed elementor-section-height-default elementor-section-height-default\" data-id=\"8a8534d\" data-element_type=\"section\">\n\t\t\t\t\t\t<div class=\"elementor-container elementor-column-gap-default\">\n\t\t\t\t\t<div class=\"elementor-column elementor-col-100 elementor-top-column elementor-element elementor-element-cf3b4e6\" data-id=\"cf3b4e6\" data-element_type=\"column\">\n\t\t\t<div class=\"elementor-widget-wrap elementor-element-populated\">\n\t\t\t\t\t\t\t\t<div class=\"elementor-element elementor-element-1d9750b elementor-widget elementor-widget-heading\" data-id=\"1d9750b\" data-element_type=\"widget\" data-widget_type=\"heading.default\">\n\t\t\t\t<div class=\"elementor-widget-container\">\n\t\t\t<style>\/*! elementor - v3.6.4 - 13-04-2022 *\/\n.elementor-heading-title{padding:0;margin:0;line-height:1}.elementor-widget-heading .elementor-heading-title[class*=elementor-size-]>a{color:inherit;font-size:inherit;line-height:inherit}.elementor-widget-heading .elementor-heading-title.elementor-size-small{font-size:15px}.elementor-widget-heading .elementor-heading-title.elementor-size-medium{font-size:19px}.elementor-widget-heading .elementor-heading-title.elementor-size-large{font-size:29px}.elementor-widget-heading .elementor-heading-title.elementor-size-xl{font-size:39px}.elementor-widget-heading .elementor-heading-title.elementor-size-xxl{font-size:59px}<\/style><h2 class=\"elementor-heading-title elementor-size-default\">2023<\/h2>\t\t<\/div>\n\t\t\t\t<\/div>\n\t\t\t\t<div class=\"elementor-element elementor-element-aa87009 elementor-widget elementor-widget-spacer\" data-id=\"aa87009\" data-element_type=\"widget\" data-widget_type=\"spacer.default\">\n\t\t\t\t<div class=\"elementor-widget-container\">\n\t\t\t<style>\/*! elementor - v3.6.4 - 13-04-2022 *\/\n.e-container.e-container--row .elementor-spacer-inner{width:var(--spacer-size)}.e-container.e-container--column .elementor-spacer-inner,.elementor-column .elementor-spacer-inner{height:var(--spacer-size)}<\/style>\t\t<div class=\"elementor-spacer\">\n\t\t\t<div class=\"elementor-spacer-inner\"><\/div>\n\t\t<\/div>\n\t\t\t\t<\/div>\n\t\t\t\t<\/div>\n\t\t\t\t<div class=\"elementor-element elementor-element-2c48864 elementor-widget elementor-widget-text-editor\" data-id=\"2c48864\" data-element_type=\"widget\" data-widget_type=\"text-editor.default\">\n\t\t\t\t<div class=\"elementor-widget-container\">\n\t\t\t<style>\/*! elementor - v3.6.4 - 13-04-2022 *\/\n.elementor-widget-text-editor.elementor-drop-cap-view-stacked .elementor-drop-cap{background-color:#818a91;color:#fff}.elementor-widget-text-editor.elementor-drop-cap-view-framed .elementor-drop-cap{color:#818a91;border:3px solid;background-color:transparent}.elementor-widget-text-editor:not(.elementor-drop-cap-view-default) .elementor-drop-cap{margin-top:8px}.elementor-widget-text-editor:not(.elementor-drop-cap-view-default) .elementor-drop-cap-letter{width:1em;height:1em}.elementor-widget-text-editor .elementor-drop-cap{float:left;text-align:center;line-height:1;font-size:50px}.elementor-widget-text-editor .elementor-drop-cap-letter{display:inline-block}<\/style>\t\t\t\t<p>Apr\u00e8s plus de 2 ann\u00e9es perturb\u00e9es par le COVID, qui ont emp\u00each\u00e9 AVEC d\u2019agir sur place, cette ann\u00e9e, Maurice<br \/>Jomard, notre pr\u00e9sident, dans son rapport moral et d\u2019activit\u00e9, a fait le choix de mettre l\u2019accent sur la mission<br \/>r\u00e9alis\u00e9e \u00e0 Madagascar par Luc Ravinet et lui-m\u00eame. Cette mission s\u2019est organis\u00e9e autour de 2 temps de visites\u00a0:<\/p><p><strong>1-a Temps consacr\u00e9 aux dispensaires (22-30 novembre 2022)<\/strong><br \/>Maurice et Luc arrivent \u00e0 Antananarivo le 22 novembre 2022 au soir. Le lendemain, ils assurent avec l\u2019aide d\u2019un<br \/>informaticien malgache, la configuration des ordinateurs et des imprimantes ainsi que leur mise en r\u00e9seau, puis<br \/>proc\u00e8dent \u00e0 l\u2019implantation des logiciels sur les serveurs, enfin \u00e0 la pr\u00e9paration et l\u2019identification des cartons pour<br \/>le transport vers les 2 dispensaires.<\/p><p><span style=\"text-decoration: underline;\">Les 24 et 25 novembre<\/span>, ils rendent visite \u00e0 la soci\u00e9t\u00e9 MAEXI, pour l\u2019achat des mat\u00e9riels de la maternit\u00e9<br \/>d\u2019Antsiramandroso avec s\u0153ur Pauline, infirmi\u00e8re qui dirige ce dispensaire, puis partent pour Marotsiriry avec les<br \/>ordinateurs des deux dispensaires. Au passage \u00e0 Vatomandry ils laissent les mat\u00e9riels pour Antsiramandroso et<br \/>ont une discussion avec s\u0153ur Antoinette, ancienne tr\u00e9sori\u00e8re provinciale, sur le bilan de ces 2 ann\u00e9es de<br \/>COVID, qui ont \u00e9t\u00e9 aussi marqu\u00e9es par l\u2019arriv\u00e9e d\u2019un nouveau Conseil provincial. Les routes sont<br \/>particuli\u00e8rement d\u00e9grad\u00e9es d\u00e8s Tananarive, la moyenne du 4X4 oscille entre 20 et 40 km\/h.<\/p><p><span style=\"text-decoration: underline;\">25-26 novembre\u00a0:<\/span> Dispensaire de Marotsiriry<br \/>Les \u00e9quipes et le contexte\u00a0: Les s\u0153urs soignantes, No\u00ebline (sage-femme), Lanto (infirmi\u00e8re), Gis\u00e8le<br \/>(laborantine), sont surcharg\u00e9es de travail (dispensaire et communaut\u00e9). Les s\u0153urs enseignantes<br \/>(D\u00e9veloppement rural : agriculture, menuiserie et gestion familiale) : Charline et Luisy sont aussi tr\u00e8s sollicit\u00e9es.<br \/>La communaut\u00e9 a \u00e9t\u00e9 d\u00e9stabilis\u00e9e un temps par la revendication des terres par le dioc\u00e8se et un mouvement<br \/>\u00ab\u00a0d\u2019ob\u00e9diences miroirs\u00a0\u00bb mal v\u00e9cu : Sr Charline part \u00e0 Mahazoarivo, que quitte Sr Anita pour Marotsiriry.<\/p><p>De plus des probl\u00e8mes de maintenance sont survenus :<\/p><ul><li>Electricit\u00e9 : des erreurs de maintenance surtout au dispensaire mais aussi \u00e0 la maison communautaire<\/li><li>Eau : le syst\u00e8me de pompage est tomb\u00e9 en panne en pleine p\u00e9riode de s\u00e9cheresse<\/li><\/ul><p>Travail dans le dispensaire : Apr\u00e8s l\u2019installation et les tests des mat\u00e9riels informatiques et du r\u00e9seau WIFI local,<br \/>Luc met en \u0153uvre l\u2019informatisation : initialisation de la base de donn\u00e9es et formation des s\u0153urs (Pauline,<br \/>No\u00ebline, Lanto et Gis\u00e8le selon leurs disponibilit\u00e9s)<br \/>Maurice et Lanto recensent les besoins d\u2019\u00e9lectricit\u00e9 et les r\u00e9parations \u00e0 effectuer en priorit\u00e9 pour le dispensaire<br \/>avec l\u2019aide d\u2019un \u00e9lectricien de l\u2019entreprise H.VATO Energie pour pr\u00e9parer des devis.<br \/>Visite des \u00e9quipements agricoles : d\u00e9cortiqueuse de riz, ruches, petit \u00e9levage (porcs, volailles) sont en parfaite<br \/>activit\u00e9, mais le barrage est presqu\u2019\u00e0 sec (cultures de riz et ma\u00efs en stand-by)<br \/>Les \u00e9quipements de formation et d\u2019accueil des stagiaires sont en parfait \u00e9tat de marche : la menuiserie a<br \/>m\u00eame \u00e9t\u00e9 compl\u00e9t\u00e9e par un local annexe pour le groupe \u00e9lectrog\u00e8ne et des r\u00e9cup\u00e9rateurs d\u2019eau. Des travaux<br \/>sont en cours contre le ruissellement des pluies (murets de protection).<br \/>Maurice avec l\u2019aide de stagiaires, contr\u00f4le les \u00e9quipements pour diagnostiquer l\u2019origine de la panne du syst\u00e8me<br \/>de pompage. Conclusion : le syst\u00e8me \u00e9lectrique est op\u00e9rationnel et la pompe peut \u00eatre mise en cause il faudra la<br \/>remonter et la faire nettoyer et contr\u00f4ler par un plombier (\u00e9change des cr\u00e9pines et contr\u00f4le de d\u00e9bit).<\/p><p><br \/><strong>27-30 novembre\u00a0<\/strong>: Brickaville, Tamatave, Antsiramandroso, Ansakaviro<br \/>D\u00e9part le 27, de Maurice, Luc et Pauline de Marotsiriry \u00e0 6h, chargement des cartons au passage \u00e0 Vatomandry,<br \/>puis arriv\u00e9e vers 12h pour d\u00e9jeuner avec les s\u0153urs de Brickaville. 14h, d\u00e9part pour 2h de route meilleure et une<br \/>arriv\u00e9e au Centre Social et Culturel pour Filles de Tamatave vers 16h, \u00e9change \u00e0 notre arriv\u00e9e avec Srs<br \/>Georgine et Blandine, venues nous saluer. Sr Yolande nous rejoint au diner avec la communaut\u00e9 (Srs Odette &#8211;<br \/>directrice du CCSF, Romaine \u2013 responsable des enseignements manuels et Evelyne enseignante d\u2019informatique)<br \/>D\u00e9part le 28 de Tamatave et apr\u00e8s 1h30 de piste, presque meilleure que la nationale, arriv\u00e9e au dispensaire<br \/>d\u2019Antsiramandroso. D\u00e9ballage des cartons, installation des ordinateurs, de l\u2019imprimante et du routeur WIFI, test<br \/>de leur mise en r\u00e9seau. Visite avec Arthur (l\u2019homme \u00e0 tout faire) de la nouvelle installation pour l\u2019eau \u00e0 la suite<br \/>des inondations qui ont fait s\u2019\u00e9crouler la cavit\u00e9 de pompage. Installation d\u00e9finitive des mat\u00e9riels informatiques<br \/>R\u00e9ception montage et test des premiers mat\u00e9riels de la maternit\u00e9 d&rsquo;Antsiramandroso avec Sr Pauline (exp\u00e9dition<br \/>de MAEXI r\u00e9cup\u00e9r\u00e9e \u00e0 Tamatave)<\/p><p><br \/>D\u00e9part le 30 de Yolande, Luc et Maurice pour Tamatave pour r\u00e9ception d\u2019une nouvelle arriv\u00e9e de mat\u00e9riels pour<br \/>la maternit\u00e9, puis retour vers Tananarive.<br \/>1-b Visite de la ferme d\u2019Ambohimanamora (2 au 5 d\u00e9cembre)<br \/>2 d\u00e9cembre\u00a0: d\u00e9part dans l\u2019apr\u00e8s-midi de Tananarive pour Ambohimanamora (route facile car en bon \u00e9tat)<br \/>3 d\u00e9cembre\u00a0: point sur les cultures fourrag\u00e8res, le cheptel et la production laiti\u00e8re avec la soeur responsable,<br \/>S\u00e9raphine, en partie en pr\u00e9sence de Sr Henriette.<br \/>Constat production v\u00e9g\u00e9tale\u00a0: 12 hectares de cultures fourrag\u00e8res : ma\u00efs grain et ensilage (3 vari\u00e9t\u00e9s :<br \/>Faneva, Melaka, IRAT 200), soja, avoine, chou, haricot et radis fourragers, arachide, manioc et 6 hectares de<br \/>prairies naturelles fauch\u00e9es : ray-grass, kizozi<br \/>Travail employant une vingtaine de familles : labour, fumure (fumier et \u00ab\u00a0biokal\u00a0\u00bb sorte de purin v\u00e9g\u00e9tal), semis<br \/>(semoir ou \u00e0 la main), traitements naturels notamment insecticide (adygasy et biokal), fauchage, r\u00e9colte (foin,<br \/>ensilage, grain)<br \/>Constat production laiti\u00e8re\u00a0: un cheptel d\u2019une vingtaine de laiti\u00e8res (Pie rouge de Norv\u00e8ge et Holstein)<br \/>revendues en boucherie apr\u00e8s 7 ann\u00e9es de lactation, 2 taureaux, une dizaine de g\u00e9nisses s\u00e9lectionn\u00e9es, des<br \/>veaux revendus pour la boucherie. Alimentation mixte assur\u00e9e par les herbages, la production fourrag\u00e8re de la<br \/>ferme et des compl\u00e9ments farin\u00e9s produits sur place ou achet\u00e9s.<\/p><p><br \/>La production laiti\u00e8re d\u2019environ 60.000 litres par an n\u2019est pas encore au niveau escompt\u00e9 dans le plan de<br \/>modernisation \u00e9labor\u00e9 en 2016, elle est assur\u00e9e par 6 bouviers permanents.<br \/>4 d\u00e9cembre\u00a0: contr\u00f4le de l\u2019installation \u00e9lectrique de la salle de traite (trayeuses \u00e9lectriques et cuve de<br \/>conservation du lait) puis visite et d\u00e9jeuner \u00e0 la ferme d\u2019Antsahamanambina (faubourg d\u2019Antsirabe), dont visite de<br \/>l\u2019ancien local de production de fromages et prise d\u2019information sur l\u2019\u00e9quipement \u00e9lectrique de la ferme<br \/>Potentialit\u00e9 d\u2019accueil de la fromagerie \u00e0 Antsahamanambina\u00a0:<br \/>C\u2019est dans cette ferme qu\u2019a d\u00e9but\u00e9 l\u2019exploitation laiti\u00e8re et une petite production de fromages. Les fourrages<br \/>n\u2019\u00e9tant pas en quantit\u00e9 suffisante et sans possibilit\u00e9 d\u2019accro\u00eetre le foncier, la production fromag\u00e8re est rest\u00e9e<br \/>limit\u00e9e \u00e0 quelques dizaines de litres transform\u00e9s plusieurs fois par semaine en fromages vendus \u00e0 Antsirabe.<br \/>Une \u00e9tude pr\u00e9alable de localisation pour l\u2019unit\u00e9 de production \u00e0 Antsahamanambina men\u00e9e en octobre 2019 par<br \/>les s\u0153urs : Abeline, Marguerite, S\u00e9raphine, Th\u00e9r\u00e8se et Viviane ainsi que Georgine pour animer le groupe de<br \/>travail, avait d\u00e9bouch\u00e9 sur un avis tr\u00e8s favorable et une premi\u00e8re liste des \u00e9quipements \u00e0 acqu\u00e9rir.<br \/>Le b\u00e2timent existant ne n\u00e9cessite que peu d\u2019investissements, en effet il poss\u00e8de 2 salles bien a\u00e9r\u00e9es pour la<br \/>fabrication des fromages avec les pr\u00e9requis sanitaires n\u00e9cessaires (carrelage, peintures, plafonds) et des<br \/>\u00e9quipements de stockage (armoires de s\u00e9chage, r\u00e9frig\u00e9rateurs), ainsi qu\u2019une alimentation \u00e9lectrique existante<br \/>bien dimensionn\u00e9e : des lignes a\u00e9riennes du JIRAMA (EDF local) alimentant des compteurs en triphas\u00e9<br \/>(3x220V-60A) et monophas\u00e9 (220V-40A) prot\u00e9g\u00e9s par des disjoncteurs.<\/p><p><strong>5 d\u00e9cembre :<\/strong> retour vers Tananarive, puis \u00e9change-discussion avec Sr Henriette sur la suite possible du projet<br \/>de fromagerie.<br \/>1-c Informations de suite de notre visite\u00a0:<br \/>R\u00e9paration du syst\u00e8me \u00e9lectrique de la salle de traite de la ferme (trayeuses et tank \u00e0 lait)\u00a0: apr\u00e8s l\u2019envoi des<br \/>fonds fin d\u00e9cembre, elle a \u00e9t\u00e9 r\u00e9alis\u00e9e fin janvier 2023 pour un co\u00fbt de 4.000\u20ac.<br \/>Mise \u00e0 niveau et r\u00e9paration du syst\u00e8me \u00e9lectrique du dispensaire de Marotsiriry\u00a0: r\u00e9alis\u00e9es en mars 2023<br \/>(co\u00fbt 12.000\u20ac, fonds envoy\u00e9s fin d\u00e9cembre 2022).<br \/>Mise \u00e0 niveau et r\u00e9paration du syst\u00e8me \u00e9lectrique du dispensaire d\u2019Antsiramandroso\u00a0: fonds envoy\u00e9s en<br \/>mai (7.000\u20ac), le chantier reste \u00e0 programmer.<br \/>Projet en cours pour la fromagerie\u00a0: L\u2019objectif est de fournir les \u00e9quipements pour la fabrication de fromages<br \/>en utilisant progressivement une part croissante de la production de lait de la ferme (au d\u00e9but 10% soit 500<br \/>litres\/mois puis mont\u00e9e en charge progressive)<br \/>\u00c9tape\u00a01 \u2013 Le caillage du lait\u00a0: cuve de pasteurisation et de caillage, \u00e9lectrique et automatis\u00e9e (200 litres)<br \/>\u00c9tape 2 \u2013 Le travail du caill\u00e9, l&rsquo;\u00e9gouttage, le moulage et le pressage<br \/>\u00c9tape 3 \u2013 L&rsquo;affinage : palette galvanis\u00e9e ou inox, rayonnage, claie, cagette, porte-meule, chariot, s\u00e8che-planche,<br \/>vitrine de froid, lave-batterie<br \/>L\u2019am\u00e9nagement de deux salles est propos\u00e9\u00a0:<br \/>Salle\u00a01 \u2013 Le caillage du lait\u00a0: cuve \u00e9lectrique et automatis\u00e9e sur roulettes de pasteurisation et de caillage (200<br \/>litres \u2013 diam\u00e8tre hors tout 120cm),<br \/>Salle 1 \u2013 Le travail du caill\u00e9, l&rsquo;\u00e9gouttage, le moulage et le pressage (tables inox sur roulettes (70cm x 140cm)<br \/>Salle 2 \u2013 Le saumurage, l&rsquo;affinage-s\u00e9chage : rayonnages, claies<br \/>\u00c9tat de la r\u00e9flexion au jour de l\u2019Assembl\u00e9e G\u00e9n\u00e9rale : besoin de concerter le lieu et la faisabilit\u00e9 de la<br \/>solution \u00ab\u00a0fromagerie\u00a0\u00bb apr\u00e8s avoir repris la maitrise des productions v\u00e9g\u00e9tales et laiti\u00e8re<br \/>L\u2019analyse des comptes de r\u00e9sultats de la ferme lors des 2 derniers exercices 2020-2021 et 2021-2022 ont<br \/>conduit Alain Col\u00e9no (Vice-pr\u00e9sident) et Maurice \u00e0 proposer qu\u2019AVEC diff\u00e8re le projet de fromagerie, en effet, il<br \/>faudra au pr\u00e9alable que les s\u0153urs :<br \/>Reprennent la ma\u00eetrise de la production fourrag\u00e8re : accidents tr\u00e8s importants de rendement des<br \/>cultures fourrag\u00e8res, notamment ma\u00efs (selon Alain et les indications donn\u00e9es par Sr Georgine, sans<br \/>doute dus \u00e0 la fonte des semis et \u00e0 l\u2019arriv\u00e9e d\u2019un champignon parasite dans le sol),<\/p><ul><li>Reprennent la ma\u00eetrise de la production laiti\u00e8re : baisse des rendements laitiers sans doute li\u00e9e \u00e0<br \/>l\u2019alimentation et au manque de fourrages.<\/li><li>D\u00e9gagent un r\u00e9sultat d\u2019exploitation stabilis\u00e9 sur au moins les 2 prochains exercices<\/li><li>Continuent l\u2019instruction du projet afin d\u2019arbitrer sur la localisation et l\u2019alimentation \u00e9nerg\u00e9tique de la fromagerie.<\/li><li>Le choix de localisation privil\u00e9gi\u00e9 par Sr Henriette est \u00e0 Ambohimanamora malgr\u00e9 les atouts d\u00e9crits d\u2019Antsahamanambina (un am\u00e9nagement serait en cours d\u2019\u00e9valuation).<\/li><li>La solution \u00e9nerg\u00e9tique par alimentation photovolta\u00efque, privil\u00e9gi\u00e9e par les s\u0153urs \u00e0 Ambohimanamora, n\u00e9cessite une tr\u00e8s forte puissance (la cuve requiert 63A en 220V) pour la seule fabrication (co\u00fbt probable de l\u2019ordre de 40.000\u20ac) alors qu\u2019\u00e0 Antsahamanambina le r\u00e9seau JIRAMA (EDF malgache) existe et pourrait couvrir les besoins de fabrication et r\u00e9frig\u00e9ration.<\/li><\/ul><p>\u00a0<\/p><p>Un budget en cours d\u2019estimation et des financements \u00e0 rechercher : Cr\u00e9dit Agricole Solidaires nous a allou\u00e9 2.000\u20ac en novembre 2022. La plus grande part des financements reste donc \u00e0 rechercher : L\u2019Agence des<br \/>Micro Projets pourrait nous suivre au maximum jusqu\u2019\u00e0 15.000\u20ac et la r\u00e9gion Centre-Val de Loire, au plus \u00e0<br \/>hauteur de 3.000\u20ac. En cons\u00e9quence, AVEC, n\u2019est au mieux en capacit\u00e9 que de financer le mat\u00e9riel.<br \/>L\u2019investissement n\u00e9cessaire pour d\u00e9marrer une fromagerie \u00e0 Ambohimanamora est donc tr\u00e8s \u00e9lev\u00e9 et son<br \/>amortissement est fonction d\u2019un potentiel de commercialisation qui reste \u00e0 confirmer. Par cons\u00e9quent, une<br \/>solution d\u2019exp\u00e9rimentation \u00e0 Antsahamanambina apparait plus que raisonnable.<\/p><p><br \/><strong>Point 2\u00a0: Rapport financier<\/strong><\/p><p>Maurice commente le compte rendu financier de l\u2019exercice 2022 envoy\u00e9 \u00e0 tous les adh\u00e9rents avec la<br \/>convocation. Il souligne, d\u2019une part, un investissement direct, cette ann\u00e9e \u00e0 nouveau dans les dispensaires (Cf.<br \/>supra) de pr\u00e8s de 14.000\u20ac, et d\u2019autre part, en recettes la contribution de 5.000\u20ac de l\u2019association ASEM de La<br \/>Grigonnais, qui nous accompagne depuis quelques ann\u00e9es dans les projets \u00e0 Antsiramandroso.<br \/>Il indique qu\u2019en moins de 3 ans, AVEC aura investi \u00e0 Madagascar un peu plus de 54.000\u20ac (29.000 dans les<br \/>dispensaires et 25.000 dans la ferme). La tr\u00e9sorerie r\u00e9elle, au jour de l\u2019Assembl\u00e9e G\u00e9n\u00e9rale, est retomb\u00e9e \u00e0<br \/>141,32\u20ac sur le DAV et 3.100\u20ac sur le livret, dont une grande partie fait l\u2019objet d\u2019engagements pris.<br \/>La situation financi\u00e8re d\u2019AVEC est saine, mais sa capacit\u00e9 propre est au plus bas et tout nouveau projet<br \/>n\u00e9cessitera la recherche de financements externes.<\/p><p><strong>Point 3\u00a0: Composition et renouvellement du conseil d\u2019administration et du bureau<\/strong><\/p><p>L\u2019Assembl\u00e9e G\u00e9n\u00e9rale acte qu\u2019aucun des membres du conseil d\u2019administration et du bureau n\u2019a souhait\u00e9<br \/>d\u00e9missionner de son mandat, donc aucun changement n\u2019intervient et l\u2019Assembl\u00e9e G\u00e9n\u00e9rale vote \u00e0 l\u2019unanimit\u00e9 la<br \/>reconduction dans la composition suivante :<br \/>Bureau\u00a0:<br \/>M. Maurice JOMARD Pr\u00e9sident Ing\u00e9nieur \u00e0 la retraite<br \/>M. Alain COLENO Vice-Pr\u00e9sident Ing\u00e9nieur agronome \u00e0 la retraite<br \/>M. Luc RAVINET Vice-Pr\u00e9sident M\u00e9decin g\u00e9n\u00e9raliste \u00e0 la retraite<br \/>M. Jean LACOIN Secr\u00e9taire Ing\u00e9nieur \u00e0 la retraite<br \/>Mme Sylvaine GAMBART Secr\u00e9taire adjointe Employ\u00e9e \u00e0 la retraite<br \/>M. Claude OUALIBANGA-TOLO Tr\u00e9sorier Cadre statisticien<br \/>Mme Bernadette BOUCHER Tr\u00e9sori\u00e8re adjointe Contr\u00f4leur de gestion et risques<br \/>sont \u00e9galement membres du conseil d\u2019administration\u00a0:<br \/>M. Michel FLAMENT Ing\u00e9nieur agronome \u00e0 la retraite<br \/>Mme Anne-Lise HERMANN Cadre ressources humaines \u00e0 la retraite<br \/>Mme Sophie PLACHTA Cadre statisticienne<br \/>Mme Brigitte PORCHERON Employ\u00e9e \u00e0 la retraite\u00a0;<br \/>Mme Aur\u00e9lia SOLER Employ\u00e9e \u00e0 la retraite<\/p><p><strong>Point 4\u00a0: Vote de r\u00e9solutions de l\u2019AGO<\/strong><\/p><p>Toutes les r\u00e9solutions sont adopt\u00e9es \u00e0 l\u2019unanimit\u00e9\u00a0: rapport d\u2019activit\u00e9, comptes et quitus aux tr\u00e9soriers,<br \/>renouvellement des instances d\u2019administration.<\/p><p><br \/><strong>Point 5\u00a0: Transfert des comptes bancaires \u00e0 la Caisse R\u00e9gionale de Cr\u00e9dit Agricole Val de France<\/strong><\/p><p><br \/>Sur proposition du pr\u00e9sident en concertation avec les tr\u00e9soriers, Bernadette BOUCHER et Claude<br \/>OUALIBANGA-TOLO, l\u2019Assembl\u00e9e G\u00e9n\u00e9rale donne son accord pour le transfert des comptes bancaires d\u2019AVEC<br \/>depuis la Caisse R\u00e9gionale de Cr\u00e9dit Agricole d\u2019Ile de France vers l\u2019agence de Chartres de la Caisse R\u00e9gionale<br \/>de Cr\u00e9dit Agricole Val de France.<br \/>L\u2019ordre du jour \u00e9tant \u00e9puis\u00e9, la r\u00e9union s\u2019ach\u00e8ve \u00e0 12h30.<\/p>\t\t\t\t\t\t<\/div>\n\t\t\t\t<\/div>\n\t\t\t\t\t<\/div>\n\t\t<\/div>\n\t\t\t\t\t\t\t<\/div>\n\t\t<\/section>\n\t\t\t\t\t\t\t<\/div>\n\t\t","protected":false},"excerpt":{"rendered":"<p>2023 Apr\u00e8s plus de 2 ann\u00e9es perturb\u00e9es par le COVID, qui ont emp\u00each\u00e9 AVEC d\u2019agir sur place, cette ann\u00e9e, MauriceJomard, notre pr\u00e9sident, dans son rapport moral et d\u2019activit\u00e9, a fait le choix de mettre l\u2019accent sur la missionr\u00e9alis\u00e9e \u00e0 Madagascar par Luc Ravinet et lui-m\u00eame. Cette mission s\u2019est organis\u00e9e autour de 2 temps de visites\u00a0:&hellip;&nbsp;<a href=\"https:\/\/avec-madagascar.fr\/?page_id=1321\" class=\"\" rel=\"bookmark\">Lire la suite &raquo;<span class=\"screen-reader-text\">2023<\/span><\/a><\/p>\n","protected":false},"author":1,"featured_media":0,"parent":0,"menu_order":0,"comment_status":"closed","ping_status":"closed","template":"page-templates\/template-pagebuilder-full-width.php","meta":{"om_disable_all_campaigns":false,"_monsterinsights_skip_tracking":false,"_monsterinsights_sitenote_active":false,"_monsterinsights_sitenote_note":"","_monsterinsights_sitenote_category":0,"neve_meta_sidebar":"","neve_meta_container":"","neve_meta_enable_content_width":"","neve_meta_content_width":0,"neve_meta_title_alignment":"","neve_meta_author_avatar":"","neve_post_elements_order":"","neve_meta_disable_header":"","neve_meta_disable_footer":"","neve_meta_disable_title":""},"aioseo_notices":[],"_links":{"self":[{"href":"https:\/\/avec-madagascar.fr\/index.php?rest_route=\/wp\/v2\/pages\/1321"}],"collection":[{"href":"https:\/\/avec-madagascar.fr\/index.php?rest_route=\/wp\/v2\/pages"}],"about":[{"href":"https:\/\/avec-madagascar.fr\/index.php?rest_route=\/wp\/v2\/types\/page"}],"author":[{"embeddable":true,"href":"https:\/\/avec-madagascar.fr\/index.php?rest_route=\/wp\/v2\/users\/1"}],"replies":[{"embeddable":true,"href":"https:\/\/avec-madagascar.fr\/index.php?rest_route=%2Fwp%2Fv2%2Fcomments&post=1321"}],"version-history":[{"count":4,"href":"https:\/\/avec-madagascar.fr\/index.php?rest_route=\/wp\/v2\/pages\/1321\/revisions"}],"predecessor-version":[{"id":1325,"href":"https:\/\/avec-madagascar.fr\/index.php?rest_route=\/wp\/v2\/pages\/1321\/revisions\/1325"}],"wp:attachment":[{"href":"https:\/\/avec-madagascar.fr\/index.php?rest_route=%2Fwp%2Fv2%2Fmedia&parent=1321"}],"curies":[{"name":"wp","href":"https:\/\/api.w.org\/{rel}","templated":true}]}}