{"id":1379,"date":"2025-01-23T16:50:43","date_gmt":"2025-01-23T16:50:43","guid":{"rendered":"https:\/\/avec-madagascar.fr\/?page_id=1379"},"modified":"2025-01-23T17:23:12","modified_gmt":"2025-01-23T17:23:12","slug":"2024-2","status":"publish","type":"page","link":"https:\/\/avec-madagascar.fr\/?page_id=1379","title":{"rendered":"2024"},"content":{"rendered":"\t\t<div data-elementor-type=\"wp-page\" data-elementor-id=\"1379\" class=\"elementor elementor-1379\">\n\t\t\t\t\t\t\t\t\t<section class=\"elementor-section elementor-top-section elementor-element elementor-element-c179527 elementor-section-boxed elementor-section-height-default elementor-section-height-default\" data-id=\"c179527\" data-element_type=\"section\">\n\t\t\t\t\t\t<div class=\"elementor-container elementor-column-gap-default\">\n\t\t\t\t\t<div class=\"elementor-column elementor-col-100 elementor-top-column elementor-element elementor-element-51740e8\" data-id=\"51740e8\" data-element_type=\"column\">\n\t\t\t<div class=\"elementor-widget-wrap elementor-element-populated\">\n\t\t\t\t\t\t\t\t<div class=\"elementor-element elementor-element-914ca40 elementor-widget elementor-widget-heading\" data-id=\"914ca40\" data-element_type=\"widget\" data-widget_type=\"heading.default\">\n\t\t\t\t<div class=\"elementor-widget-container\">\n\t\t\t<style>\/*! elementor - v3.6.4 - 13-04-2022 *\/\n.elementor-heading-title{padding:0;margin:0;line-height:1}.elementor-widget-heading .elementor-heading-title[class*=elementor-size-]>a{color:inherit;font-size:inherit;line-height:inherit}.elementor-widget-heading .elementor-heading-title.elementor-size-small{font-size:15px}.elementor-widget-heading .elementor-heading-title.elementor-size-medium{font-size:19px}.elementor-widget-heading .elementor-heading-title.elementor-size-large{font-size:29px}.elementor-widget-heading .elementor-heading-title.elementor-size-xl{font-size:39px}.elementor-widget-heading .elementor-heading-title.elementor-size-xxl{font-size:59px}<\/style><h2 class=\"elementor-heading-title elementor-size-default\">2024<\/h2>\t\t<\/div>\n\t\t\t\t<\/div>\n\t\t\t\t<div class=\"elementor-element elementor-element-5182d12 elementor-widget elementor-widget-spacer\" data-id=\"5182d12\" data-element_type=\"widget\" data-widget_type=\"spacer.default\">\n\t\t\t\t<div class=\"elementor-widget-container\">\n\t\t\t<style>\/*! elementor - v3.6.4 - 13-04-2022 *\/\n.e-container.e-container--row .elementor-spacer-inner{width:var(--spacer-size)}.e-container.e-container--column .elementor-spacer-inner,.elementor-column .elementor-spacer-inner{height:var(--spacer-size)}<\/style>\t\t<div class=\"elementor-spacer\">\n\t\t\t<div class=\"elementor-spacer-inner\"><\/div>\n\t\t<\/div>\n\t\t\t\t<\/div>\n\t\t\t\t<\/div>\n\t\t\t\t<div class=\"elementor-element elementor-element-9104b0a elementor-widget elementor-widget-text-editor\" data-id=\"9104b0a\" data-element_type=\"widget\" data-widget_type=\"text-editor.default\">\n\t\t\t\t<div class=\"elementor-widget-container\">\n\t\t\t<style>\/*! elementor - v3.6.4 - 13-04-2022 *\/\n.elementor-widget-text-editor.elementor-drop-cap-view-stacked .elementor-drop-cap{background-color:#818a91;color:#fff}.elementor-widget-text-editor.elementor-drop-cap-view-framed .elementor-drop-cap{color:#818a91;border:3px solid;background-color:transparent}.elementor-widget-text-editor:not(.elementor-drop-cap-view-default) .elementor-drop-cap{margin-top:8px}.elementor-widget-text-editor:not(.elementor-drop-cap-view-default) .elementor-drop-cap-letter{width:1em;height:1em}.elementor-widget-text-editor .elementor-drop-cap{float:left;text-align:center;line-height:1;font-size:50px}.elementor-widget-text-editor .elementor-drop-cap-letter{display:inline-block}<\/style>\t\t\t\t<p><strong>Rapport des Grandes Actions de l\u2019Ann\u00e9e 2024<\/strong><\/p><p>L&rsquo;ann\u00e9e 2024 a marqu\u00e9 une nouvelle \u00e9tape dans le d\u00e9veloppement des projets de l&rsquo;association Agir et Vivre Ensemble pour Coop\u00e9rer (AVEC). Gr\u00e2ce \u00e0 l&rsquo;implication de nos membres et au soutien de nos partenaires, nous avons pu mener des actions significatives dans les domaines de la sant\u00e9, de l&rsquo;\u00e9ducation et du d\u00e9veloppement \u00e0 Madagascar.<\/p><p><strong>1. Modernisation des structures de sant\u00e9<\/strong><\/p><p><strong>Informatisation des dispensaires<\/strong> :<\/p><ul><li style=\"list-style-type: none;\"><ul><li>Am\u00e9lioration du logiciel de gestion des patients dans les dispensaires d&rsquo;Antsiramandroso et de Marotsiriry.<\/li><li>Int\u00e9gration de nouveaux outils permettant de r\u00e9duire les doubles saisies et de faciliter le reporting mensuel au Minist\u00e8re de la Sant\u00e9 Malgache.<\/li><li>Formation des s\u0153urs soignantes \u00e0 l&rsquo;utilisation du nouveau syst\u00e8me et mise en place d&rsquo;un accompagnement \u00e0 distance via WhatsApp.<\/li><\/ul><\/li><\/ul><p>\u00a0<\/p><p><strong>Construction de maternit\u00e9s<\/strong> :<\/p><ul><li style=\"list-style-type: none;\"><ul><li style=\"list-style-type: none;\"><ul><li>Lancement d&rsquo;un projet de construction de deux b\u00e2timents sp\u00e9cialis\u00e9s dans les dispensaires de Marotsiriry et Antsiramandroso.<\/li><li>Consultation des populations locales, notamment des matrones, pour une meilleure int\u00e9gration des pratiques culturelles.<\/li><li>Recherches de financements compl\u00e9mentaires pour assurer la r\u00e9alisation du projet.<\/li><\/ul><\/li><\/ul><\/li><\/ul><hr \/><p>\u00a0<\/p><p><strong>2. Soutien \u00e0 l&rsquo;\u00e9ducation<\/strong><\/p><ul><li>Renforcement du programme d\u2019acc\u00e8s \u00e0 l\u2019\u00e9ducation pour les enfants d\u00e9favoris\u00e9s.<\/li><li>Fourniture de mat\u00e9riel scolaire et de mobilier pour les \u00e9coles de nos zones d&rsquo;intervention.<\/li><li>Organisation de sessions de formation pour les enseignants locaux en partenariat avec les autorit\u00e9s \u00e9ducatives.<\/li><\/ul><hr \/><p>\u00a0<\/p><p><strong>3. D\u00e9veloppement<\/strong><strong> \u00e9conomique et autonomisation<\/strong><\/p><ul><li><strong>Projet de ferme laiti\u00e8re \u00e0 Ambohimanamora<\/strong> :<ul><li>Poursuite de la modernisation de l\u2019exploitation avec l\u2019appui de l&rsquo;Agence des Micro-Projets.<\/li><li>Formation d&rsquo;une \u00e9quipe locale renforc\u00e9e pour assurer la gestion de la ferme.<\/li><li>Optimisation des ressources et introduction de nouvelles techniques de production durable.<\/li><\/ul><\/li><\/ul><hr \/><p>\u00a0<\/p><p><strong>4. Partenariats et financement<\/strong><\/p><ul><li>Maintien des relations avec nos principaux bailleurs :<ul><li>Le M\u00e9c\u00e9nat du Groupe Central du Cr\u00e9dit Agricole (47% des contributions).<\/li><li>Soutien de la R\u00e9gion Centre-Val de Loire et de l&rsquo;Agence des Micro-Projets.<\/li><li>Contributions d&rsquo;associations partenaires (Amiti\u00e9 Solidarite Espoir avec Madagascar, association Roger Riou, etc.).<\/li><\/ul><\/li><\/ul><hr \/><p>\u00a0<\/p><p><strong>5. Communication et mobilisation<\/strong><\/p><ul><li>Mise \u00e0 jour et maintenance du site Internet de l&rsquo;association.<\/li><li>Organisation d\u2019\u00e9v\u00e9nements de sensibilisation et de collecte de fonds en France.<\/li><li>Diffusion d&rsquo;un diaporama r\u00e9capitulatif des actions lors de l&rsquo;Assembl\u00e9e G\u00e9n\u00e9rale 2024.<\/li><\/ul><hr \/><p>\u00a0<\/p><p><strong>Conclusion L&rsquo;ann\u00e9e 2024 a \u00e9t\u00e9 marqu\u00e9e par des avanc\u00e9es majeures dans les projets que nous menons \u00e0 Madagascar. Nous remercions chaleureusement tous les membres, partenaires et b\u00e9n\u00e9voles qui ont contribu\u00e9 \u00e0 la r\u00e9alisation de ces initiatives et comptons poursuivre notre engagement en 2025 pour am\u00e9liorer les conditions de vie des populations locales.<\/strong><\/p>\t\t\t\t\t\t<\/div>\n\t\t\t\t<\/div>\n\t\t\t\t\t<\/div>\n\t\t<\/div>\n\t\t\t\t\t\t\t<\/div>\n\t\t<\/section>\n\t\t\t\t\t\t\t<\/div>\n\t\t","protected":false},"excerpt":{"rendered":"<p>2024 Rapport des Grandes Actions de l\u2019Ann\u00e9e 2024 L&rsquo;ann\u00e9e 2024 a marqu\u00e9 une nouvelle \u00e9tape dans le d\u00e9veloppement des projets de l&rsquo;association Agir et Vivre Ensemble pour Coop\u00e9rer (AVEC). Gr\u00e2ce \u00e0 l&rsquo;implication de nos membres et au soutien de nos partenaires, nous avons pu mener des actions significatives dans les domaines de la sant\u00e9, de&hellip;&nbsp;<a href=\"https:\/\/avec-madagascar.fr\/?page_id=1379\" class=\"\" rel=\"bookmark\">Lire la suite &raquo;<span class=\"screen-reader-text\">2024<\/span><\/a><\/p>\n","protected":false},"author":1,"featured_media":0,"parent":0,"menu_order":0,"comment_status":"closed","ping_status":"closed","template":"page-templates\/template-pagebuilder-full-width.php","meta":{"om_disable_all_campaigns":false,"_monsterinsights_skip_tracking":false,"_monsterinsights_sitenote_active":false,"_monsterinsights_sitenote_note":"","_monsterinsights_sitenote_category":0,"neve_meta_sidebar":"","neve_meta_container":"","neve_meta_enable_content_width":"off","neve_meta_content_width":100,"neve_meta_title_alignment":"","neve_meta_author_avatar":"","neve_post_elements_order":"","neve_meta_disable_header":"","neve_meta_disable_footer":"","neve_meta_disable_title":""},"aioseo_notices":[],"_links":{"self":[{"href":"https:\/\/avec-madagascar.fr\/index.php?rest_route=\/wp\/v2\/pages\/1379"}],"collection":[{"href":"https:\/\/avec-madagascar.fr\/index.php?rest_route=\/wp\/v2\/pages"}],"about":[{"href":"https:\/\/avec-madagascar.fr\/index.php?rest_route=\/wp\/v2\/types\/page"}],"author":[{"embeddable":true,"href":"https:\/\/avec-madagascar.fr\/index.php?rest_route=\/wp\/v2\/users\/1"}],"replies":[{"embeddable":true,"href":"https:\/\/avec-madagascar.fr\/index.php?rest_route=%2Fwp%2Fv2%2Fcomments&post=1379"}],"version-history":[{"count":10,"href":"https:\/\/avec-madagascar.fr\/index.php?rest_route=\/wp\/v2\/pages\/1379\/revisions"}],"predecessor-version":[{"id":1396,"href":"https:\/\/avec-madagascar.fr\/index.php?rest_route=\/wp\/v2\/pages\/1379\/revisions\/1396"}],"wp:attachment":[{"href":"https:\/\/avec-madagascar.fr\/index.php?rest_route=%2Fwp%2Fv2%2Fmedia&parent=1379"}],"curies":[{"name":"wp","href":"https:\/\/api.w.org\/{rel}","templated":true}]}}