{"id":557,"date":"2022-06-07T22:05:52","date_gmt":"2022-06-07T22:05:52","guid":{"rendered":"https:\/\/avec-madagascar.fr\/?page_id=557"},"modified":"2022-06-07T22:05:53","modified_gmt":"2022-06-07T22:05:53","slug":"2021-2","status":"publish","type":"page","link":"https:\/\/avec-madagascar.fr\/?page_id=557","title":{"rendered":"2021"},"content":{"rendered":"\n<p>Le projet de <strong>modernisation de la ferme laiti\u00e8re d\u2019Ambohimanamora engag\u00e9 en 2020 <\/strong>s\u2019est poursuivi et concr\u00e9tis\u00e9 comme pr\u00e9vu&nbsp;:<\/p>\n\n\n\n<ul><li>Une convention de collaboration a \u00e9t\u00e9 sign\u00e9e le 3 juin 2020 via Internet avec Sr Symphorose, Provinciale de la Congr\u00e9gation, qui assure en contrepartie d\u2019un d\u2019investissement de 20.830\u20ac, que 25% des exc\u00e9dents d\u2019exploitation de la ferme seront consacr\u00e9s aux d\u00e9penses de fonctionnement de l\u2019action sociale des s\u0153urs dans le domaine de la sant\u00e9 et 75% dans domaine de l\u2019\u00e9ducation<\/li><li>Un plan d\u2019investissement de 20.830\u20ac, a \u00e9t\u00e9 financ\u00e9 par AVEC, et engag\u00e9 sur place par Sr Georgine, avec des ajustements concert\u00e9s sur les contenus avec un objectif de ma\u00eetrise budg\u00e9taire globale&nbsp;:<ul><li>Construction d\u2019un ch\u00e2teau d\u2019eau.<\/li><\/ul><ul><li>Installation d\u2019un syst\u00e8me de pompage aliment\u00e9 \u00e9lectriquement par panneaux photovolta\u00efques partag\u00e9s avec la salle de traite et le tank \u00e0 lait.<\/li><\/ul><ul><li>Construction d\u2019un b\u00e2timent partitionn\u00e9 en une salle de traite et de stockage du lait, d\u2019une maternit\u00e9 pour les v\u00ealantes et de boxes d\u2019accueil des jeunes veaux.<\/li><\/ul><ul><li>Achat et installation d\u2019un tank \u00e0 lait et de deux trayeuses \u00e9lectriques.<\/li><\/ul><\/li><li>Un proc\u00e8s-verbal de r\u00e9ception d\u00e9finitive des travaux a \u00e9t\u00e9 sign\u00e9 le 18 octobre 2021 avec Sr Henriette, nouvelle Provinciale de la Congr\u00e9gation, actant et justifiant des d\u00e9penses de 82,8 millions d\u2019ariary soit environ 20.530\u20ac<\/li><li>Le r\u00e9sultat d\u2019exploitation calcul\u00e9 par Sr Georgine est en progression car apr\u00e8s un d\u00e9ficit en 2019 de presque 5.000\u20ac, un exc\u00e9dent d\u2019environ 4.000\u20ac a \u00e9t\u00e9 constat\u00e9 en 2020 et de 6.500\u20ac en 2021<\/li><\/ul>\n","protected":false},"excerpt":{"rendered":"<p>Le projet de modernisation de la ferme laiti\u00e8re d\u2019Ambohimanamora engag\u00e9 en 2020 s\u2019est poursuivi et concr\u00e9tis\u00e9 comme pr\u00e9vu&nbsp;: Une convention de collaboration a \u00e9t\u00e9 sign\u00e9e le 3 juin 2020 via Internet avec Sr Symphorose, Provinciale de la Congr\u00e9gation, qui assure en contrepartie d\u2019un d\u2019investissement de 20.830\u20ac, que 25% des exc\u00e9dents d\u2019exploitation de la ferme seront&hellip;&nbsp;<a href=\"https:\/\/avec-madagascar.fr\/?page_id=557\" class=\"\" rel=\"bookmark\">Lire la suite &raquo;<span class=\"screen-reader-text\">2021<\/span><\/a><\/p>\n","protected":false},"author":1,"featured_media":0,"parent":0,"menu_order":0,"comment_status":"closed","ping_status":"closed","template":"","meta":{"om_disable_all_campaigns":false,"_monsterinsights_skip_tracking":false,"_monsterinsights_sitenote_active":false,"_monsterinsights_sitenote_note":"","_monsterinsights_sitenote_category":0,"neve_meta_sidebar":"","neve_meta_container":"","neve_meta_enable_content_width":"","neve_meta_content_width":0,"neve_meta_title_alignment":"","neve_meta_author_avatar":"","neve_post_elements_order":"","neve_meta_disable_header":"","neve_meta_disable_footer":"","neve_meta_disable_title":""},"aioseo_notices":[],"_links":{"self":[{"href":"https:\/\/avec-madagascar.fr\/index.php?rest_route=\/wp\/v2\/pages\/557"}],"collection":[{"href":"https:\/\/avec-madagascar.fr\/index.php?rest_route=\/wp\/v2\/pages"}],"about":[{"href":"https:\/\/avec-madagascar.fr\/index.php?rest_route=\/wp\/v2\/types\/page"}],"author":[{"embeddable":true,"href":"https:\/\/avec-madagascar.fr\/index.php?rest_route=\/wp\/v2\/users\/1"}],"replies":[{"embeddable":true,"href":"https:\/\/avec-madagascar.fr\/index.php?rest_route=%2Fwp%2Fv2%2Fcomments&post=557"}],"version-history":[{"count":1,"href":"https:\/\/avec-madagascar.fr\/index.php?rest_route=\/wp\/v2\/pages\/557\/revisions"}],"predecessor-version":[{"id":558,"href":"https:\/\/avec-madagascar.fr\/index.php?rest_route=\/wp\/v2\/pages\/557\/revisions\/558"}],"wp:attachment":[{"href":"https:\/\/avec-madagascar.fr\/index.php?rest_route=%2Fwp%2Fv2%2Fmedia&parent=557"}],"curies":[{"name":"wp","href":"https:\/\/api.w.org\/{rel}","templated":true}]}}