{"id":559,"date":"2022-06-07T22:10:46","date_gmt":"2022-06-07T22:10:46","guid":{"rendered":"https:\/\/avec-madagascar.fr\/?page_id=559"},"modified":"2022-06-07T22:10:46","modified_gmt":"2022-06-07T22:10:46","slug":"2020-2","status":"publish","type":"page","link":"https:\/\/avec-madagascar.fr\/?page_id=559","title":{"rendered":"2020"},"content":{"rendered":"\n<p><strong>La modernisation de la ferme d\u2019Ambohimanamora. <\/strong>Une Convention de partenariat a pu \u00eatre sign\u00e9e par AVEC en juin 2020 via Internet avec le Conseil de la Congr\u00e9gation des Filles de la Sagesse \u00e0 Madagascar int\u00e9grant les engagements pris vis-\u00e0-vis de l\u2019AMP et de CACIB et actant le budget ci-dessous, les composantes du projet de modernisation et l\u2019affectation de 25% des exc\u00e9dents d\u2019exploitation de la ferme d\u2019Ambohimanamora \u00e0 l\u2019activit\u00e9 sant\u00e9 de la Congr\u00e9gation et 75% aux autres actions sociales&nbsp;: \u00e9ducation, orphelinats et prisons.<\/p>\n\n\n\n<p>Maurice Jomard indique que la sant\u00e9 repr\u00e9sentait en 2019, 10% des budgets d\u2019action sociale des s\u0153urs, l\u2019\u00e9ducation 75% et le reste 15% et que sur l\u2019exercice d\u2019octobre 2019 \u00e0 septembre 2020 la ferme a d\u00e9gag\u00e9 un exc\u00e9dent d\u2019exploitation d\u2019environ 4.500\u20ac. Il indique que les travaux ont d\u00e9but\u00e9 en juillet et sont aujourd\u2019hui \u00e0 plus 50% d\u2019ach\u00e8vement. Il salue le management du projet par S\u0153ur Georgine, avec qui il est en contact r\u00e9gulier, ainsi que l\u2019efficacit\u00e9 et la comp\u00e9tence des s\u0153urs en charge des diff\u00e9rentes productions.<\/p>\n\n\n\n<figure class=\"wp-block-table is-style-stripes\"><table><tbody><tr><td><strong>D\u00e9penses programm\u00e9es<\/strong><strong><\/strong><\/td><\/tr><tr><td><strong>Nature<\/strong><\/td><td><strong>Devis<\/strong><\/td><td><strong>Montant<\/strong><\/td><\/tr><tr><td>Construction ch\u00e2teau d&rsquo;eau<\/td><td>Entreprise de BTP Rakotoniaina<\/td><td>4 400 \u20ac<\/td><\/tr><tr><td>Fourniture et installation syst\u00e8me \u00e9lectrique<\/td><td>Entreprise RAVOLONAHINA<\/td><td>7 500 \u20ac<\/td><\/tr><tr><td>Fourniture et installation syst\u00e8me de pompage<\/td><td>Entreprise RAVOLONAHINA<\/td><td>1 780 \u20ac<\/td><\/tr><tr><td>R\u00e9affectation b\u00e2timent en salle de traite-maternit\u00e9<\/td><td>Entreprise de BTP Rakotoniaina<\/td><td>1 800 \u20ac<\/td><\/tr><tr><td>Achat tank \u00e0 lait 1200 l<\/td><td>Achat programm\u00e9<\/td><td>3 000 \u20ac<\/td><\/tr><tr><td>Achat de 2 trayeuses \u00e9lectriques<\/td><td>Achat programm\u00e9<\/td><td>2 350 \u20ac<\/td><\/tr><tr><td>Total d\u00e9penses du projet<\/td><td>&nbsp;<\/td><td>20 830 \u20ac<\/td><\/tr><tr><td><strong>Transferts des fonds<\/strong><\/td><\/tr><tr><td>Agence des Micro-Projets<\/td><td>Fonds de l&rsquo;AMP envoy\u00e9s en 2020<\/td><td>15 000 \u20ac<\/td><\/tr><tr><td>Cr\u00e9dit Agricole Corporate Investment Bank<\/td><td>Fonds de CACIB envoy\u00e9s en 2019<\/td><td>3 000 \u20ac<\/td><\/tr><tr><td>Agir et Vivre Ensemble pour Coop\u00e9rer<\/td><td>Solde budget envoy\u00e9 en 2020<\/td><td>2 830 \u20ac<\/td><\/tr><tr><td>&nbsp;<\/td><td>&nbsp;<\/td><td>20 830 \u20ac<\/td><\/tr><\/tbody><\/table><\/figure>\n","protected":false},"excerpt":{"rendered":"<p>La modernisation de la ferme d\u2019Ambohimanamora. Une Convention de partenariat a pu \u00eatre sign\u00e9e par AVEC en juin 2020 via Internet avec le Conseil de la Congr\u00e9gation des Filles de la Sagesse \u00e0 Madagascar int\u00e9grant les engagements pris vis-\u00e0-vis de l\u2019AMP et de CACIB et actant le budget ci-dessous, les composantes du projet de modernisation&hellip;&nbsp;<a href=\"https:\/\/avec-madagascar.fr\/?page_id=559\" class=\"\" rel=\"bookmark\">Lire la suite &raquo;<span class=\"screen-reader-text\">2020<\/span><\/a><\/p>\n","protected":false},"author":1,"featured_media":0,"parent":0,"menu_order":0,"comment_status":"closed","ping_status":"closed","template":"","meta":{"om_disable_all_campaigns":false,"_monsterinsights_skip_tracking":false,"_monsterinsights_sitenote_active":false,"_monsterinsights_sitenote_note":"","_monsterinsights_sitenote_category":0,"neve_meta_sidebar":"","neve_meta_container":"","neve_meta_enable_content_width":"","neve_meta_content_width":0,"neve_meta_title_alignment":"","neve_meta_author_avatar":"","neve_post_elements_order":"","neve_meta_disable_header":"","neve_meta_disable_footer":"","neve_meta_disable_title":""},"aioseo_notices":[],"_links":{"self":[{"href":"https:\/\/avec-madagascar.fr\/index.php?rest_route=\/wp\/v2\/pages\/559"}],"collection":[{"href":"https:\/\/avec-madagascar.fr\/index.php?rest_route=\/wp\/v2\/pages"}],"about":[{"href":"https:\/\/avec-madagascar.fr\/index.php?rest_route=\/wp\/v2\/types\/page"}],"author":[{"embeddable":true,"href":"https:\/\/avec-madagascar.fr\/index.php?rest_route=\/wp\/v2\/users\/1"}],"replies":[{"embeddable":true,"href":"https:\/\/avec-madagascar.fr\/index.php?rest_route=%2Fwp%2Fv2%2Fcomments&post=559"}],"version-history":[{"count":1,"href":"https:\/\/avec-madagascar.fr\/index.php?rest_route=\/wp\/v2\/pages\/559\/revisions"}],"predecessor-version":[{"id":560,"href":"https:\/\/avec-madagascar.fr\/index.php?rest_route=\/wp\/v2\/pages\/559\/revisions\/560"}],"wp:attachment":[{"href":"https:\/\/avec-madagascar.fr\/index.php?rest_route=%2Fwp%2Fv2%2Fmedia&parent=559"}],"curies":[{"name":"wp","href":"https:\/\/api.w.org\/{rel}","templated":true}]}}