{"id":563,"date":"2022-06-07T22:16:41","date_gmt":"2022-06-07T22:16:41","guid":{"rendered":"https:\/\/avec-madagascar.fr\/?page_id=563"},"modified":"2022-06-07T22:16:41","modified_gmt":"2022-06-07T22:16:41","slug":"2018-2","status":"publish","type":"page","link":"https:\/\/avec-madagascar.fr\/?page_id=563","title":{"rendered":"2018"},"content":{"rendered":"\n<p>Lors de la mission r\u00e9alis\u00e9e sur place&nbsp;en octobre 2018&nbsp;plusieurs actions ont \u00e9t\u00e9 men\u00e9es sur place :<\/p>\n\n\n\n<p>R\u00e9solution des difficult\u00e9s avec les diff\u00e9rentes entreprises lors des forages dans les dispensaires d\u2019Antsiramandroso et Marotsiriry&nbsp;: signature de nouveaux contrats de reprise des chantiers laiss\u00e9s en l\u2019\u00e9tat. (Maurice Jomard du 2 au 11 octobre)<\/p>\n\n\n\n<p>Formation des s\u0153urs soignantes (Luc Ravinet du 2 au 10 octobre)<\/p>\n\n\n\n<ul><li>Formation th\u00e9orique du 2 au 6 octobre \u00e0 Tamatave<\/li><li>Application 8 et 9 octobre \u00e0 Antsiramandroso<\/li><\/ul>\n\n\n\n<p>Ferme d\u2019Ambohimanamora (Luc et Maurice du 15 au 18 octobre)<\/p>\n\n\n\n<ul><li>Maurice rencontre Sr Georgine et les \u00e9quipes de la ferme laiti\u00e8re (M.Herilaza, directeur et ses diff\u00e9rents responsables -cultures, laiterie, fromagerie, petits \u00e9levages- pour faire le point, les remettre au travail sur des objectifs, \u00e9valuer les besoins d\u2019investissement. Un reporting mensuel et trimestriel a \u00e9t\u00e9 agr\u00e9\u00e9 et r\u00e9alis\u00e9 par le directeur, mais en conflit avec les s\u0153urs, il a d\u00e9missionn\u00e9 et Sr Georgine a pris le relais.<\/li><li>Production d\u2019aloe vera (Sr Mauricia) : Luc fait un audit conseil de production<\/li><\/ul>\n","protected":false},"excerpt":{"rendered":"<p>Lors de la mission r\u00e9alis\u00e9e sur place&nbsp;en octobre 2018&nbsp;plusieurs actions ont \u00e9t\u00e9 men\u00e9es sur place : R\u00e9solution des difficult\u00e9s avec les diff\u00e9rentes entreprises lors des forages dans les dispensaires d\u2019Antsiramandroso et Marotsiriry&nbsp;: signature de nouveaux contrats de reprise des chantiers laiss\u00e9s en l\u2019\u00e9tat. (Maurice Jomard du 2 au 11 octobre) Formation des s\u0153urs soignantes (Luc&hellip;&nbsp;<a href=\"https:\/\/avec-madagascar.fr\/?page_id=563\" class=\"\" rel=\"bookmark\">Lire la suite &raquo;<span class=\"screen-reader-text\">2018<\/span><\/a><\/p>\n","protected":false},"author":1,"featured_media":0,"parent":0,"menu_order":0,"comment_status":"closed","ping_status":"closed","template":"","meta":{"om_disable_all_campaigns":false,"_monsterinsights_skip_tracking":false,"_monsterinsights_sitenote_active":false,"_monsterinsights_sitenote_note":"","_monsterinsights_sitenote_category":0,"neve_meta_sidebar":"","neve_meta_container":"","neve_meta_enable_content_width":"","neve_meta_content_width":0,"neve_meta_title_alignment":"","neve_meta_author_avatar":"","neve_post_elements_order":"","neve_meta_disable_header":"","neve_meta_disable_footer":"","neve_meta_disable_title":""},"aioseo_notices":[],"_links":{"self":[{"href":"https:\/\/avec-madagascar.fr\/index.php?rest_route=\/wp\/v2\/pages\/563"}],"collection":[{"href":"https:\/\/avec-madagascar.fr\/index.php?rest_route=\/wp\/v2\/pages"}],"about":[{"href":"https:\/\/avec-madagascar.fr\/index.php?rest_route=\/wp\/v2\/types\/page"}],"author":[{"embeddable":true,"href":"https:\/\/avec-madagascar.fr\/index.php?rest_route=\/wp\/v2\/users\/1"}],"replies":[{"embeddable":true,"href":"https:\/\/avec-madagascar.fr\/index.php?rest_route=%2Fwp%2Fv2%2Fcomments&post=563"}],"version-history":[{"count":1,"href":"https:\/\/avec-madagascar.fr\/index.php?rest_route=\/wp\/v2\/pages\/563\/revisions"}],"predecessor-version":[{"id":564,"href":"https:\/\/avec-madagascar.fr\/index.php?rest_route=\/wp\/v2\/pages\/563\/revisions\/564"}],"wp:attachment":[{"href":"https:\/\/avec-madagascar.fr\/index.php?rest_route=%2Fwp%2Fv2%2Fmedia&parent=563"}],"curies":[{"name":"wp","href":"https:\/\/api.w.org\/{rel}","templated":true}]}}