{"id":567,"date":"2022-06-07T22:23:03","date_gmt":"2022-06-07T22:23:03","guid":{"rendered":"https:\/\/avec-madagascar.fr\/?page_id=567"},"modified":"2022-06-07T22:23:03","modified_gmt":"2022-06-07T22:23:03","slug":"2016-2","status":"publish","type":"page","link":"https:\/\/avec-madagascar.fr\/?page_id=567","title":{"rendered":"2016"},"content":{"rendered":"\n<p>Les 2 missions programm\u00e9es ont \u00e9t\u00e9 r\u00e9alis\u00e9es&nbsp;:<\/p>\n\n\n\n<ul><li>Formation m\u00e9dicale des s\u0153urs par Luc Ravinet du 23 mai au 4 juin 2016<\/li><li>Visite des diff\u00e9rents sites et recensement des nouveaux projets du 30 novembre \u2013 22 d\u00e9cembre 2016, par Maurice Jomard (pr\u00e9sident), Claude Oualibanga-Tolo (tr\u00e9sorier), Bernadette Boucher (tr\u00e9sori\u00e8re-adjointe) et A\u00efda Bouzammita (adh\u00e9rente).<\/li><\/ul>\n\n\n\n<p>Il faut retenir des visites, outre les travaux effectu\u00e9s d\u00e9crits ci-dessous, l\u2019excellent accueil re\u00e7u ainsi que des remerciements des s\u0153urs qui ont b\u00e9n\u00e9fici\u00e9 de la prise en compte de leur formation par AVEC (notamment Sr Marguerite en agriculture et Sr F\u00e9licit\u00e9, infirmi\u00e8re)<\/p>\n\n\n\n<ul><li>Mahazoarivo :<ul><li>Point g\u00e9n\u00e9ral (porcherie, groupements paysans et stagiaires) avec les Srs Mariette, Justine, Jeannette, Marie-Th\u00e9r\u00e8se<ul><li>Porcherie r\u00e9orient\u00e9e uniquement \u00ab&nbsp;engraisseur&nbsp;\u00bb abandon \u00ab&nbsp;naisseur&nbsp;\u00bb<\/li><\/ul><ul><li>Transfert de la broyeuse avec conseil de r\u00e9installation \u00e0 Ambohimanamora<\/li><\/ul><ul><li>Relance des groupements paysans (achat de 2 sarcleuses)<\/li><\/ul><ul><li>Relance des stages jeunes pour janvier 2017<\/li><\/ul><\/li><\/ul><ul><li>Demande d\u2019un fauteuil roulant pour un jeune handicap\u00e9 (paludisme neurologique), qui a \u00e9t\u00e9 depuis financ\u00e9 par l\u2019association SyLvAin<\/li><\/ul><\/li><li>Antsirabe :<ul><li>Production de savons \u00e0 base d\u2019Alo\u00e8s Vera par Sr Mauritia<\/li><\/ul><\/li><li>Ambohimanamora<ul><li>Visite de la ferme laiti\u00e8re reprise par les s\u0153urs<\/li><\/ul><ul><li>Travail avec Yvon (technicien agricole), Srs Odette, Georgine, Germaine et Th\u00e9r\u00e8se pour \u00e9valuer et proposer un plan de modernisation de l\u2019exploitation \u00e0 r\u00e9aliser et financer<\/li><\/ul><ul><li>Etude et conseil d\u2019installation de l\u2019\u00e9table et de la laiterie<\/li><\/ul><\/li><li>Antsiramandoso : Srs Christine, Pauline, F\u00e9line, 2 stagiaires et Arthur le factotum<ul><li>F\u00eate des 10 ans en soir\u00e9e avec les s\u0153urs<\/li><\/ul><ul><li>Inauguration du b\u00e2timent d\u2019extension du dispensaire pour accueil des malades avec b\u00e9n\u00e9diction et repas<\/li><\/ul><ul><li>Accroissement de la capacit\u00e9 de production d\u2019\u00e9lectricit\u00e9 (nouvelles batteries grande puissance utilis\u00e9es par Orange) et acquisition des r\u00e9frig\u00e9rateurs<\/li><\/ul><ul><li>Solde pay\u00e9 par AVEC : 20 MAr (soit 2.988 \u20ac)<\/li><\/ul><\/li><li>Marotsiriry : Srs Claudine, Abeline et Lanto (Romaine plus tard)<ul><li>Visite de la menuiserie : besoin d\u2019un abri pour les groupes \u00e9lectrog\u00e8nes (plan et conseil donn\u00e9s \u00e0 Claudine)<\/li><\/ul><ul><li>D\u00e9cortiqueuse et batteuse de riz : installation r\u00e9alis\u00e9e<\/li><\/ul><ul><li>Eau :<ul><li>S\u00e8cheresse importante et tr\u00e8s gros probl\u00e8me d\u2019approvisionnement \u00e0 r\u00e9soudre, le niveau d\u2019eau du puits et du barrage sont au plus bas<\/li><\/ul><ul><li>Solution : 2 forages \u00e0 faire et \u00e0 \u00e9quiper (pompes solaires sur panneaux existants), l\u2019un au dispensaire, l\u2019autre \u00e0 la maison des s\u0153urs et faire une r\u00e9cup\u00e9ration d\u2019eau de pluie des goutti\u00e8res (un certain nombre \u00e0 mettre) dans des simples makiplasts<\/li><\/ul><\/li><\/ul><\/li><li>Rencontre de travail avec le Conseil de la Congr\u00e9gation (d\u2019une part, Srs Symphorose, Th\u00e9r\u00e8se-Meltine, Yolande et Blandine, et d\u2019autre part, Yvon, Srs Odette, Georgine) : Plan de modernisation d\u2019Ambohimanamora :<ul><li>Pr\u00e9sentations d\u2019Yvon (aspects techniques) et Maurice (aspects technico-financiers et simulation d\u2019hypoth\u00e8ses de production et de financement)<\/li><\/ul><ul><li>Discussion sur le probl\u00e8me principal de financement des \u00e9quipements pour les cultures (tracteur) et du remplacement du cheptel laitier besoin estim\u00e9 dans une fourchette de 350 \u00e0 400 MAr (100 \u00e0 120.000\u20ac)<\/li><\/ul><ul><li>Pr\u00e9paration avec Sr Symphorose d\u2019un plan de financement soumis au Conseil g\u00e9n\u00e9ral des Filles de la Sagesse (St Laurent-sur-S\u00e8vre) qui acceptera en 2017 de financer les gros investissements<\/li><\/ul><\/li><\/ul>\n","protected":false},"excerpt":{"rendered":"<p>Les 2 missions programm\u00e9es ont \u00e9t\u00e9 r\u00e9alis\u00e9es&nbsp;: Formation m\u00e9dicale des s\u0153urs par Luc Ravinet du 23 mai au 4 juin 2016 Visite des diff\u00e9rents sites et recensement des nouveaux projets du 30 novembre \u2013 22 d\u00e9cembre 2016, par Maurice Jomard (pr\u00e9sident), Claude Oualibanga-Tolo (tr\u00e9sorier), Bernadette Boucher (tr\u00e9sori\u00e8re-adjointe) et A\u00efda Bouzammita (adh\u00e9rente). Il faut retenir des&hellip;&nbsp;<a href=\"https:\/\/avec-madagascar.fr\/?page_id=567\" class=\"\" rel=\"bookmark\">Lire la suite &raquo;<span class=\"screen-reader-text\">2016<\/span><\/a><\/p>\n","protected":false},"author":1,"featured_media":0,"parent":0,"menu_order":0,"comment_status":"closed","ping_status":"closed","template":"","meta":{"om_disable_all_campaigns":false,"_monsterinsights_skip_tracking":false,"_monsterinsights_sitenote_active":false,"_monsterinsights_sitenote_note":"","_monsterinsights_sitenote_category":0,"neve_meta_sidebar":"","neve_meta_container":"","neve_meta_enable_content_width":"","neve_meta_content_width":0,"neve_meta_title_alignment":"","neve_meta_author_avatar":"","neve_post_elements_order":"","neve_meta_disable_header":"","neve_meta_disable_footer":"","neve_meta_disable_title":""},"aioseo_notices":[],"_links":{"self":[{"href":"https:\/\/avec-madagascar.fr\/index.php?rest_route=\/wp\/v2\/pages\/567"}],"collection":[{"href":"https:\/\/avec-madagascar.fr\/index.php?rest_route=\/wp\/v2\/pages"}],"about":[{"href":"https:\/\/avec-madagascar.fr\/index.php?rest_route=\/wp\/v2\/types\/page"}],"author":[{"embeddable":true,"href":"https:\/\/avec-madagascar.fr\/index.php?rest_route=\/wp\/v2\/users\/1"}],"replies":[{"embeddable":true,"href":"https:\/\/avec-madagascar.fr\/index.php?rest_route=%2Fwp%2Fv2%2Fcomments&post=567"}],"version-history":[{"count":1,"href":"https:\/\/avec-madagascar.fr\/index.php?rest_route=\/wp\/v2\/pages\/567\/revisions"}],"predecessor-version":[{"id":568,"href":"https:\/\/avec-madagascar.fr\/index.php?rest_route=\/wp\/v2\/pages\/567\/revisions\/568"}],"wp:attachment":[{"href":"https:\/\/avec-madagascar.fr\/index.php?rest_route=%2Fwp%2Fv2%2Fmedia&parent=567"}],"curies":[{"name":"wp","href":"https:\/\/api.w.org\/{rel}","templated":true}]}}