{"id":572,"date":"2022-06-07T22:28:46","date_gmt":"2022-06-07T22:28:46","guid":{"rendered":"https:\/\/avec-madagascar.fr\/?page_id=572"},"modified":"2022-06-07T22:28:46","modified_gmt":"2022-06-07T22:28:46","slug":"2015-2","status":"publish","type":"page","link":"https:\/\/avec-madagascar.fr\/?page_id=572","title":{"rendered":"2015"},"content":{"rendered":"\n<p>La mission sur place&nbsp;(13 mai \u2013 4 juin) a permis la mise en \u0153uvre du plan d\u2019action centr\u00e9 sur les besoins des s\u0153urs&nbsp;en mati\u00e8re de missions m\u00e9dicales. Ceci apr\u00e8s l\u2019analyse effectu\u00e9e sur place en 2014 par Luc Ravinet notre m\u00e9decin :<\/p>\n\n\n\n<ul><li>Equipement des dispensaires&nbsp;: achat sur place d\u2019otoscopes, de tensiom\u00e8tres et de glucom\u00e8tres (avec bandelettes + piles).<\/li><li>Formation sur les th\u00e8mes propos\u00e9s par les soeurs&nbsp;: hypertension art\u00e9rielle, diab\u00e8te, antibioth\u00e9rapie, gestion des m\u00e9dicaments, MST, gyn\u00e9cologie, contraception, r\u00e9animation n\u00e9onatale, prise en charge des enfants. Luc a donc pr\u00e9par\u00e9 une formation&nbsp;de 6 jours couvrant ces sujets (plus d\u2019une centaine de diapositives). 15 s\u0153urs infirmi\u00e8res et soignantes devraient en b\u00e9n\u00e9ficier lors de la prochaine mission (un support sera remis).<\/li><li>Remplacer des guides th\u00e9rapeutiques des s\u0153urs (versions obsol\u00e8tes) par des versions r\u00e9centes =&gt; achat de guides pour les dispensaires r\u00e9alis\u00e9 depuis.<\/li><\/ul>\n\n\n\n<p>A la suite du tr\u00e8s bon accueil de la formation par les s\u0153urs, celles-ci demandent une fr\u00e9quence annuelle sur une liste de besoins exprim\u00e9s.<\/p>\n\n\n\n<p>Maurice Jomard) effectue les diff\u00e9rentes visites devenues&nbsp;habituelles notamment pour recenser de nouveaux besoins :<\/p>\n\n\n\n<p><strong>Benasandrata&nbsp;: <\/strong>Visite de la production d\u2019huiles essentielle et n\u00e9cessit\u00e9 de former un&nbsp;rempla\u00e7ant afin d\u2019anticiper le d\u00e9part en retraite de la personne en charge (Mr Justin) ;<\/p>\n\n\n\n<p><strong>Fandriana<\/strong>&nbsp;: Identification d\u2019un projet possible pour 2016&nbsp;: besoin d\u2019une production locale qui permettrait de fournir la cantine scolaire de l\u2019\u00e9cole tenue par les s\u0153urs&nbsp;(120 \u00e9l\u00e8ves) ;<\/p>\n\n\n\n<p><strong>Mahazoarivo<\/strong>&nbsp;: Visite de la porcherie construite &#8211; bilan tr\u00e8s positif d\u00e8s le d\u00e9marrage, \u00e0 la fois financier et en mati\u00e8re d\u2019enseignement. Nouveau besoin exprim\u00e9&nbsp;: broyeuse de manioc et ma\u00efs&nbsp;: le financement a \u00e9t\u00e9 envoy\u00e9 fin 2015 pour un achat en 2016. Cette broyeuse pourra aussi \u00eatre lou\u00e9e aux agriculteurs locaux (revenus compl\u00e9mentaires).<\/p>\n\n\n\n<p><strong>Marotsiriry<\/strong>&nbsp;:<\/p>\n\n\n\n<p>Visite de l\u2019atelier et des classes construites et utilis\u00e9es pour la r\u00e9insertion de jeunes en difficult\u00e9s&nbsp;: menuiserie-\u00e9b\u00e9nisterie&nbsp;pour les gar\u00e7ons, \u00e9conomie familiale pour les filles&nbsp;(formations agr\u00e9\u00e9es et appuy\u00e9es par l\u2019Etat).<\/p>\n\n\n\n<p>Besoins identifi\u00e9s achat d\u2019une d\u00e9cortiqueuse et d\u2019une batteuse \u00e0 riz (gain de temps et d\u2019argent pour la cantine)&nbsp;: projet retenu fin 2015.<\/p>\n\n\n\n<p><strong>Antsiramandroso<\/strong><\/p>\n\n\n\n<p>Visite du dispensaire et du chantier de construction des chambres d\u2019accueil des tuberculeux&nbsp;: retard des travaux et compl\u00e9ment de 3000 \u20ac pour solder le chantier transmis fin 2015.<\/p>\n\n\n\n<p>Point sur le projet poulailler&nbsp;: bilan d\u00e9ficitaire pour cause d\u2019augmentation des co\u00fbts sans possibilit\u00e9 d\u2019augmenter le prix de vente. Le poulailler va \u00eatre d\u00e9plac\u00e9 \u00e0 Tamatave (\u00e0 c\u00f4t\u00e9 de l\u2019orphelinat des s\u0153urs) pour minimiser les frais de transport vers les clients et profiter de l\u2019exp\u00e9rience de conduite d\u2019un tel \u00e9levage.<\/p>\n","protected":false},"excerpt":{"rendered":"<p>La mission sur place&nbsp;(13 mai \u2013 4 juin) a permis la mise en \u0153uvre du plan d\u2019action centr\u00e9 sur les besoins des s\u0153urs&nbsp;en mati\u00e8re de missions m\u00e9dicales. Ceci apr\u00e8s l\u2019analyse effectu\u00e9e sur place en 2014 par Luc Ravinet notre m\u00e9decin : Equipement des dispensaires&nbsp;: achat sur place d\u2019otoscopes, de tensiom\u00e8tres et de glucom\u00e8tres (avec bandelettes&hellip;&nbsp;<a href=\"https:\/\/avec-madagascar.fr\/?page_id=572\" class=\"\" rel=\"bookmark\">Lire la suite &raquo;<span class=\"screen-reader-text\">2015<\/span><\/a><\/p>\n","protected":false},"author":1,"featured_media":0,"parent":0,"menu_order":0,"comment_status":"closed","ping_status":"closed","template":"","meta":{"om_disable_all_campaigns":false,"_monsterinsights_skip_tracking":false,"_monsterinsights_sitenote_active":false,"_monsterinsights_sitenote_note":"","_monsterinsights_sitenote_category":0,"neve_meta_sidebar":"","neve_meta_container":"","neve_meta_enable_content_width":"","neve_meta_content_width":0,"neve_meta_title_alignment":"","neve_meta_author_avatar":"","neve_post_elements_order":"","neve_meta_disable_header":"","neve_meta_disable_footer":"","neve_meta_disable_title":""},"aioseo_notices":[],"_links":{"self":[{"href":"https:\/\/avec-madagascar.fr\/index.php?rest_route=\/wp\/v2\/pages\/572"}],"collection":[{"href":"https:\/\/avec-madagascar.fr\/index.php?rest_route=\/wp\/v2\/pages"}],"about":[{"href":"https:\/\/avec-madagascar.fr\/index.php?rest_route=\/wp\/v2\/types\/page"}],"author":[{"embeddable":true,"href":"https:\/\/avec-madagascar.fr\/index.php?rest_route=\/wp\/v2\/users\/1"}],"replies":[{"embeddable":true,"href":"https:\/\/avec-madagascar.fr\/index.php?rest_route=%2Fwp%2Fv2%2Fcomments&post=572"}],"version-history":[{"count":1,"href":"https:\/\/avec-madagascar.fr\/index.php?rest_route=\/wp\/v2\/pages\/572\/revisions"}],"predecessor-version":[{"id":573,"href":"https:\/\/avec-madagascar.fr\/index.php?rest_route=\/wp\/v2\/pages\/572\/revisions\/573"}],"wp:attachment":[{"href":"https:\/\/avec-madagascar.fr\/index.php?rest_route=%2Fwp%2Fv2%2Fmedia&parent=572"}],"curies":[{"name":"wp","href":"https:\/\/api.w.org\/{rel}","templated":true}]}}