{"id":574,"date":"2022-06-07T22:32:57","date_gmt":"2022-06-07T22:32:57","guid":{"rendered":"https:\/\/avec-madagascar.fr\/?page_id=574"},"modified":"2022-06-07T22:32:58","modified_gmt":"2022-06-07T22:32:58","slug":"2014-2","status":"publish","type":"page","link":"https:\/\/avec-madagascar.fr\/?page_id=574","title":{"rendered":"2014"},"content":{"rendered":"\n<p>La situation politique et \u00e9conomique \u00e0 Madagascar a connu une \u00e9volution positive en 2014 apr\u00e8s 5 ann\u00e9es \u00ab&nbsp;noires&nbsp;\u00bb&nbsp;:<\/p>\n\n\n\n<ul><li>l\u2019isolement du pays apr\u00e8s la crise politique de 2009 avec pour cons\u00e9quence la suspension des aides financi\u00e8res&nbsp; internationales dont europ\u00e9ennes et am\u00e9ricaines&nbsp;;<\/li><li>la normalisation en mai-juin 2014 apr\u00e8s les \u00e9lections de fin 2013 et la relance des aides;<\/li><li>5 ann\u00e9es de crise politique et institutionnelle qui ont contribu\u00e9 \u00e0 fortement d\u00e9grader la situation \u00e9conomique et sociale du pays (le PIB a recul\u00e9 \u00e0 son niveau de 2001, malgr\u00e9 l\u2019exploitation des ressources mini\u00e8res tr\u00e8s importantes, de nickel notamment) et plus de 90% de la population vit en dessous du seuil de pauvret\u00e9 dans un contexte d\u2019ins\u00e9curit\u00e9 en augmentation.<\/li><\/ul>\n\n\n\n<p>Dans ce contexte de mis\u00e8re accrue, les actions poursuivies par l\u2019association AVEC portent leurs fruits&nbsp;:<\/p>\n\n\n\n<ul><li>Le centre de formation \u00e0 la menuiserie \u00e9b\u00e9nisterie construit gr\u00e2ce aux fonds de l\u2019association a \u00e9t\u00e9 agr\u00e9\u00e9 par le minist\u00e8re de l\u2019\u00e9ducation malgache et d\u00e9cernera un dipl\u00f4me reconnu d\u2019\u00e9tat qui pourra b\u00e9n\u00e9ficier \u00e0 60 \u00e0 70 jeunes par an&nbsp;;<\/li><li>Le dispensaire d\u2019Antsiramandroso, depuis ses nouvelles constructions (financ\u00e9es en partie par AVEC),&nbsp;a \u00e9t\u00e9 agr\u00e9\u00e9 par le minist\u00e8re de la sant\u00e9 malgache comme \u2018centre de r\u00e9f\u00e9rence pour le traitement de la tuberculose\u2019;<\/li><li>Le partenariat de l\u2019association avec la congr\u00e9gation des s\u0153urs de la sagesse est favoris\u00e9 par des \u00e9changes annuels en tr\u00e8s bonne intelligence sur le terrain et un suivi tr\u00e8s structur\u00e9 et transparent des actions.<\/li><\/ul>\n\n\n\n<p>Contenu de la mission de juin-juillet 2014&nbsp;(1 m\u00e9decin&nbsp;: Luc Ravinet + 2 personnes&nbsp;: Brigitte Porcheron et Maurice Jomard) :<\/p>\n\n\n\n<ul><li><strong>Marotsiriry<\/strong>\u00a0:<\/li><li>Visite de l\u2019atelier de menuiserie\u00a0;<\/li><li>Gestion de probl\u00e8mes contractuels entre la congr\u00e9gation et une entreprise<\/li><li>Travail avec les s\u0153urs infirmi\u00e8res<\/li><li>Visite des installations techniques (\u00e9lectricit\u00e9 et eau)<\/li><li><strong>Antsiramandroso\u00a0:<\/strong><\/li><li>Travail avec les s\u0153urs infirmi\u00e8res<\/li><li>Analyse du projet d\u2019extension du dispensaire<\/li><li>Examen des \u00e9quipements photovolta\u00efques<\/li><li>Visite \u00e0 l\u2019\u00e9cole du village<\/li><li>\u00a0Bilan de l\u2019exploitation des poulaillers<\/li><\/ul>\n\n\n\n<ul><li><strong>Mahazoarivo<\/strong>&nbsp;:<\/li><li>Visite des constructions en cours (puits, porcherie)<\/li><li>Rencontre des groupements paysans<\/li><li>Achats au march\u00e9 (pour revente en France au b\u00e9n\u00e9fice de l\u2019association)<\/li><\/ul>\n\n\n\n<ul><li><strong>Benasandrata<\/strong>&nbsp;(banlieue d\u2019Antananarivo) :<\/li><li>Rencontre de Mr Justin&nbsp;: salari\u00e9 de la congr\u00e9gation pour la production d\u2019huiles essentielles et analyse de des conditions de production et commercialisation. Les \u00e9changes sur la production d\u2019huiles essentielles ont permis de constater la tr\u00e8s bonne technicit\u00e9. L\u2019unit\u00e9 est cependant sous-exploit\u00e9e et pourrait \u00e9tendre son activit\u00e9 si elle pouvait avoir plus de mati\u00e8re premi\u00e8re.&nbsp; Le ravistara n\u2019est pas une extension envisageable car la concurrence est rude et le march\u00e9 bouch\u00e9. Par contre, il faudrait envisager l\u2019extension de la production d\u2019huiles essentielles de g\u00e9ranium en \u00e9tudiant les possibilit\u00e9s d\u2019acc\u00e8s aux mati\u00e8res premi\u00e8res.&nbsp; Dans ce cadre d\u2019examen des pr\u00e9-requis de production et des voies de commercialisation, il conviendra d\u2019analyser aussi pourquoi l\u2019unit\u00e9 de production a \u00e9t\u00e9 install\u00e9e en p\u00e9riph\u00e9rie urbaine et non pas en milieu rural (plus proche des ressources et des cultures).<\/li><\/ul>\n","protected":false},"excerpt":{"rendered":"<p>La situation politique et \u00e9conomique \u00e0 Madagascar a connu une \u00e9volution positive en 2014 apr\u00e8s 5 ann\u00e9es \u00ab&nbsp;noires&nbsp;\u00bb&nbsp;: l\u2019isolement du pays apr\u00e8s la crise politique de 2009 avec pour cons\u00e9quence la suspension des aides financi\u00e8res&nbsp; internationales dont europ\u00e9ennes et am\u00e9ricaines&nbsp;; la normalisation en mai-juin 2014 apr\u00e8s les \u00e9lections de fin 2013 et la relance des&hellip;&nbsp;<a href=\"https:\/\/avec-madagascar.fr\/?page_id=574\" class=\"\" rel=\"bookmark\">Lire la suite &raquo;<span class=\"screen-reader-text\">2014<\/span><\/a><\/p>\n","protected":false},"author":1,"featured_media":0,"parent":0,"menu_order":0,"comment_status":"closed","ping_status":"closed","template":"","meta":{"om_disable_all_campaigns":false,"_monsterinsights_skip_tracking":false,"_monsterinsights_sitenote_active":false,"_monsterinsights_sitenote_note":"","_monsterinsights_sitenote_category":0,"neve_meta_sidebar":"","neve_meta_container":"","neve_meta_enable_content_width":"","neve_meta_content_width":0,"neve_meta_title_alignment":"","neve_meta_author_avatar":"","neve_post_elements_order":"","neve_meta_disable_header":"","neve_meta_disable_footer":"","neve_meta_disable_title":""},"aioseo_notices":[],"_links":{"self":[{"href":"https:\/\/avec-madagascar.fr\/index.php?rest_route=\/wp\/v2\/pages\/574"}],"collection":[{"href":"https:\/\/avec-madagascar.fr\/index.php?rest_route=\/wp\/v2\/pages"}],"about":[{"href":"https:\/\/avec-madagascar.fr\/index.php?rest_route=\/wp\/v2\/types\/page"}],"author":[{"embeddable":true,"href":"https:\/\/avec-madagascar.fr\/index.php?rest_route=\/wp\/v2\/users\/1"}],"replies":[{"embeddable":true,"href":"https:\/\/avec-madagascar.fr\/index.php?rest_route=%2Fwp%2Fv2%2Fcomments&post=574"}],"version-history":[{"count":1,"href":"https:\/\/avec-madagascar.fr\/index.php?rest_route=\/wp\/v2\/pages\/574\/revisions"}],"predecessor-version":[{"id":576,"href":"https:\/\/avec-madagascar.fr\/index.php?rest_route=\/wp\/v2\/pages\/574\/revisions\/576"}],"wp:attachment":[{"href":"https:\/\/avec-madagascar.fr\/index.php?rest_route=%2Fwp%2Fv2%2Fmedia&parent=574"}],"curies":[{"name":"wp","href":"https:\/\/api.w.org\/{rel}","templated":true}]}}