{"id":585,"date":"2022-06-07T22:38:24","date_gmt":"2022-06-07T22:38:24","guid":{"rendered":"https:\/\/avec-madagascar.fr\/?page_id=585"},"modified":"2022-06-07T22:38:25","modified_gmt":"2022-06-07T22:38:25","slug":"2012-2","status":"publish","type":"page","link":"https:\/\/avec-madagascar.fr\/?page_id=585","title":{"rendered":"2012"},"content":{"rendered":"\n<p><strong>L<\/strong><strong><em>es r\u00e9alisations de &nbsp;2012<\/em><\/strong>&nbsp;:<\/p>\n\n\n\n<ul><li><strong>Marotsiriry<\/strong> : Construction d\u2019un b\u00e2timent de formation \u00e0 l\u2019\u00e9b\u00e9nisterie et la menuiserie et r\u00e9habilitation de l\u2019ancien b\u00e2timent :<ul><li>Le projet de construction de l\u2019atelier de menuiserie puis de r\u00e9affectation de l\u2019ancien b\u00e2timent en laboratoire et accueil de malades a \u00e9t\u00e9 men\u00e9 \u00e0 bien&nbsp;(b\u00e2timent scolaire pour 22 000 \u20ac, sanitaires pour 1.400\u20ac, r\u00e9affectation pour 2.100 \u20ac).<\/li><li>Pour un montant aussi \u00e9lev\u00e9, il a \u00e9t\u00e9 n\u00e9cessaire de trouver plusieurs financeurs&nbsp;:<ul><li>L\u2019association Roger Riou a particip\u00e9 au financement pour 5&nbsp;000 \u20ac<\/li><li>La r\u00e9gion Centre a accord\u00e9 \u00e9galement 5.000 \u20ac<\/li><li>AVEC a compl\u00e9t\u00e9 le financement soit 15.500 \u20ac<\/li><\/ul><\/li><\/ul><\/li><\/ul>\n\n\n\n<ul><li><strong>Mahazoarivo et Fandriana<\/strong> : Appui au fonctionnement de la Promotion Rurale et Agricole pour une dur\u00e9e d\u2019un an afin d\u2019assurer une transition financi\u00e8re<ul><li>L\u2019association Misereor qui finan\u00e7ait le salaire de 4 la\u00efcs charg\u00e9s avec 2 S\u0153urs de l\u2019animation de groupements paysans dans le cadre de la promotion rurale est en difficult\u00e9. Il a \u00e9t\u00e9 propos\u00e9 lors de la derni\u00e8re AG qu\u2019AVEC prenne en charge de fa\u00e7on exceptionnelle, sur 1 an, le financement de ces 4 salaires, afin de ne pas les laisser partir et assurer une transition. Tous autres frais ont \u00e9t\u00e9 pris en charge par les S\u0153urs.<\/li><li>Financement AVEC : 4.000\u20ac<\/li><\/ul><\/li><\/ul>\n\n\n\n<ul><li><strong>Antsiramandroso<\/strong> : construction des poulaillers pour une autonomisation financi\u00e8re du dispensaire&nbsp;<ul><li>Pour rappel, l\u2019objectif est d\u2019abord d\u2019autonomiser l\u2019exploitation ordinaire du dispensaire qui est structurellement d\u00e9ficitaire (environ 1&nbsp;700 \u20ac en 2010). Il est de servir aussi d\u2019exemple \u00e0 des agriculteurs et\/ou de d\u00e9boucher sur une petite coop\u00e9rative de production.<\/li><\/ul><ul><li>Nous avons pu constater en janvier 2012 un existant&nbsp;prometteur : depuis avril 2011, un poulailler de 100 pondeuses a \u00e9t\u00e9 mis en place et fonctionne parfaitement (taux de ponte sup\u00e9rieur \u00e0 90 %). La nourriture des poules est fabriqu\u00e9e localement et la commercialisation vers des restaurants asiatiques de Tamatave ne pose pas de probl\u00e8me.<\/li><\/ul><ul><li>Un agronome de Tamatave a aid\u00e9 \u00e0 la formalisation et a valid\u00e9 les 2 projets (pondeuses et poulets de chair), dont il assure le suivi technique. Un sp\u00e9cialiste INRA en aviculture tropicale, Michel Larbier, a \u00e9t\u00e9 associ\u00e9 en conseil au projet.<\/li><\/ul><ul><li>L\u2019investissement en b\u00e2timents est en cours : aide de Courte \u00e9chelle (3.000\u20ac)<ul><li>pour un poulailler ponte de capacit\u00e9 de 500 pondeuses \u00e9valu\u00e9 \u00e0 2&nbsp;700 \u20ac (r\u00e9sultat net escompt\u00e9 de 5&nbsp;100 \u20ac sur 540 jours, soit 3&nbsp;400 \u20ac\/an)&nbsp;<\/li><\/ul><ul><li>pour un poulailler chair de capacit\u00e9 de 500 poulets \u00e9valu\u00e9 \u00e0 1 300\u20ac (r\u00e9sultat net escompt\u00e9 de 540 \u20ac sur 45 jours, soit 3&nbsp;800 \u20ac\/an).<\/li><\/ul><\/li><\/ul><ul><li>Lors de la mission de juin 2013, le point sera fait sur ces r\u00e9alisations<\/li><\/ul><\/li><\/ul>\n","protected":false},"excerpt":{"rendered":"<p>Les r\u00e9alisations de &nbsp;2012&nbsp;: Marotsiriry : Construction d\u2019un b\u00e2timent de formation \u00e0 l\u2019\u00e9b\u00e9nisterie et la menuiserie et r\u00e9habilitation de l\u2019ancien b\u00e2timent : Le projet de construction de l\u2019atelier de menuiserie puis de r\u00e9affectation de l\u2019ancien b\u00e2timent en laboratoire et accueil de malades a \u00e9t\u00e9 men\u00e9 \u00e0 bien&nbsp;(b\u00e2timent scolaire pour 22 000 \u20ac, sanitaires pour 1.400\u20ac,&hellip;&nbsp;<a href=\"https:\/\/avec-madagascar.fr\/?page_id=585\" class=\"\" rel=\"bookmark\">Lire la suite &raquo;<span class=\"screen-reader-text\">2012<\/span><\/a><\/p>\n","protected":false},"author":1,"featured_media":0,"parent":0,"menu_order":0,"comment_status":"closed","ping_status":"closed","template":"","meta":{"om_disable_all_campaigns":false,"_monsterinsights_skip_tracking":false,"_monsterinsights_sitenote_active":false,"_monsterinsights_sitenote_note":"","_monsterinsights_sitenote_category":0,"neve_meta_sidebar":"","neve_meta_container":"","neve_meta_enable_content_width":"","neve_meta_content_width":0,"neve_meta_title_alignment":"","neve_meta_author_avatar":"","neve_post_elements_order":"","neve_meta_disable_header":"","neve_meta_disable_footer":"","neve_meta_disable_title":""},"aioseo_notices":[],"_links":{"self":[{"href":"https:\/\/avec-madagascar.fr\/index.php?rest_route=\/wp\/v2\/pages\/585"}],"collection":[{"href":"https:\/\/avec-madagascar.fr\/index.php?rest_route=\/wp\/v2\/pages"}],"about":[{"href":"https:\/\/avec-madagascar.fr\/index.php?rest_route=\/wp\/v2\/types\/page"}],"author":[{"embeddable":true,"href":"https:\/\/avec-madagascar.fr\/index.php?rest_route=\/wp\/v2\/users\/1"}],"replies":[{"embeddable":true,"href":"https:\/\/avec-madagascar.fr\/index.php?rest_route=%2Fwp%2Fv2%2Fcomments&post=585"}],"version-history":[{"count":1,"href":"https:\/\/avec-madagascar.fr\/index.php?rest_route=\/wp\/v2\/pages\/585\/revisions"}],"predecessor-version":[{"id":586,"href":"https:\/\/avec-madagascar.fr\/index.php?rest_route=\/wp\/v2\/pages\/585\/revisions\/586"}],"wp:attachment":[{"href":"https:\/\/avec-madagascar.fr\/index.php?rest_route=%2Fwp%2Fv2%2Fmedia&parent=585"}],"curies":[{"name":"wp","href":"https:\/\/api.w.org\/{rel}","templated":true}]}}