{"id":591,"date":"2022-06-07T22:41:24","date_gmt":"2022-06-07T22:41:24","guid":{"rendered":"https:\/\/avec-madagascar.fr\/?page_id=591"},"modified":"2022-06-07T22:54:30","modified_gmt":"2022-06-07T22:54:30","slug":"2011-2","status":"publish","type":"page","link":"https:\/\/avec-madagascar.fr\/?page_id=591","title":{"rendered":"2011"},"content":{"rendered":"\n<p>Bilan des activit\u00e9s d\u2019AVEC en 2011&nbsp;:<\/p>\n\n\n\n<ul><li>Une mission technique de Maurice Jomard et Claude Oualibanga-Tolo en janvier-f\u00e9vrier 2011 a permis de visiter tous les sites o\u00f9 l\u2019association intervient et de faire le point sur les r\u00e9alisations et les projets en devenir.<\/li><li>Une r\u00e9union de concertation avec les \u00e9quipes m\u00e9dicales pour red\u00e9finir l\u2019organisation des missions m\u00e9dicales chez les S\u0153urs de la Sagesse, passant par l\u2019\u00e9laboration d\u2019une \u00ab\u00a0charte des missions m\u00e9dicales\u00a0\u00bb, qui s\u2019appliquerait \u00e0 toute mission m\u00e9dicale (AVEC ou autre), dans laquelle les S\u0153urs d\u2019une part et les \u00e9quipes m\u00e9dicales d\u2019autre part trouveraient satisfaction. A noter qu\u2019il n\u2019y a pas eu de mission m\u00e9dicale organis\u00e9e par le truchement d\u2019AVEC en 2011.<\/li><li>Sur le terrain, 2011 appara\u00eet comme une ann\u00e9e de transition\u00a0: une seule r\u00e9alisation concr\u00e8te, \u00e0 Mahazoarivo (sanitaires et cuisine), en compl\u00e9ment du b\u00e2timent de 2 \u00e9tages destin\u00e9 d\u2019une part \u00e0 un poste de sant\u00e9 et d\u2019autre part \u00e0 un centre de formation et d\u2019animation agricole inaugur\u00e9 en janvier 2011.<\/li><\/ul>\n\n\n\n<ol type=\"1\"><li><strong>Projets 2012<\/strong><\/li><\/ol>\n\n\n\n<p>Maurice Jomard pr\u00e9sente les projets \u00e0 venir, soulignant que 2012 sera une ann\u00e9e d\u2019investissements importants, dans 3 lieux connus et visit\u00e9s syst\u00e9matiquement depuis 4 ans, avec un objectif affirm\u00e9 de passer de l\u2019\u00e9quipement prioritaire des besoins de sant\u00e9 \u00e0 des \u00e9quipements visant l\u2019autonomisation de nos partenaires et l\u2019appui au d\u00e9veloppement rural&nbsp;:<\/p>\n\n\n\n<ul><li>A Mahazoarivo&nbsp;: appui au fonctionnement de la promotion rurale agricole, en relais d\u2019une association qui ne peut plus assurer le financement des salaires de 4 la\u00efcs&nbsp;; il est propos\u00e9 qu\u2019AVEC prenne en charge de fa\u00e7on exceptionnelle, sur 1 an, non renouvelable, ce financement, pour assurer la \u00ab&nbsp;soudure&nbsp;\u00bb en attendant qu\u2019un autre financeur soit trouv\u00e9 (budget 4&nbsp;000 \u20ac).<\/li><\/ul>\n\n\n\n<ul><li>A Marotsiriry&nbsp;: n\u00e9cessit\u00e9 de d\u00e9localiser l\u2019atelier de menuiserie qui apporte bruit et poussi\u00e8re, nuisibles au dispensaire, pour un budget r\u00e9\u00e9valu\u00e9 \u00e0 23&nbsp;400 \u20ac, et ensuite r\u00e9cup\u00e9ration des locaux pour accueillir les malades et installer le laboratoire d\u2019analyses m\u00e9dicales,&nbsp;pour 2100 \u20ac. Pour un montant global aussi \u00e9lev\u00e9, il est n\u00e9cessaire de trouver, outre AVEC,&nbsp; plusieurs financeurs&nbsp;:<\/li><\/ul>\n\n\n\n<ul><li>l\u2019association Roger Riou est pr\u00eate \u00e0 participer \u00e0 hauteur de 5&nbsp;000 \u20ac,<\/li><li>le Cr\u00e9dit Agricole sera sollicit\u00e9 (dossiers \u00ab&nbsp;Courte Echelle&nbsp;\u00bb),<\/li><li>les collectivit\u00e9s locales (r\u00e9gion Centre en particulier) seront sollicit\u00e9es,<\/li><li>il avait \u00e9t\u00e9 envisag\u00e9 de demander aux S\u0153urs de s\u2019impliquer dans le projet, en finan\u00e7ant ou en recherchant des partenaires&nbsp;; les d\u00e9g\u00e2ts occasionn\u00e9s par le cyclone Giovanna ont conduit la congr\u00e9gation et ses partenaires \u00e0 prioriser des financements de reconstructions en urgence.<\/li><\/ul>\n\n\n\n<ul><li>A Antsiramandroso&nbsp;: un projet avicole est en cours d\u2019\u00e9laboration. L\u2019objectif est&nbsp; d\u2019abord d\u2019autonomiser l\u2019exploitation ordinaire du dispensaire qui est d\u00e9ficitaire. Il est aussi de servir d\u2019exemple \u00e0 des agriculteurs et\/ou de d\u00e9boucher sur une coop\u00e9rative de production. Il existe un existant prometteur depuis avril 2011 sous la forme d\u2019un poulailler de 100 pondeuses qui fonctionne parfaitement (taux de ponte &gt; \u00e0 90 %), la nourriture \u00e9tant fabriqu\u00e9e localement et les d\u00e9bouch\u00e9s assur\u00e9s vers les restaurants asiatiques de Tamatave. Une r\u00e9union technique autour d\u2019un sp\u00e9cialiste en aviculture tropicale, en mars 2012, a permis d\u2019affiner le projet. L\u2019investissement pour un poulailler de 500 pondeuses est \u00e9valu\u00e9 \u00e0 2&nbsp;700 \u20ac pour un r\u00e9sultat attendu de 3&nbsp;400 \u20ac l\u2019an&nbsp;; l\u2019investissement pour un poulailler chair de 500 poulets est \u00e9valu\u00e9 \u00e0 1&nbsp;300 \u20ac pour un r\u00e9sultat attendu de 3&nbsp;800 \u20ac l\u2019an. La construction est \u00e0 d\u00e9marrer en mai sur 6 mois (saison s\u00e8che). Bernadette Boucher signale l\u2019existence d\u2019une association \u00ab&nbsp;Elevages sans fronti\u00e8res&nbsp;\u00bb que Maurice Jomard contactera.<\/li><\/ul>\n","protected":false},"excerpt":{"rendered":"<p>Bilan des activit\u00e9s d\u2019AVEC en 2011&nbsp;: Une mission technique de Maurice Jomard et Claude Oualibanga-Tolo en janvier-f\u00e9vrier 2011 a permis de visiter tous les sites o\u00f9 l\u2019association intervient et de faire le point sur les r\u00e9alisations et les projets en devenir. Une r\u00e9union de concertation avec les \u00e9quipes m\u00e9dicales pour red\u00e9finir l\u2019organisation des missions m\u00e9dicales&hellip;&nbsp;<a href=\"https:\/\/avec-madagascar.fr\/?page_id=591\" class=\"\" rel=\"bookmark\">Lire la suite &raquo;<span class=\"screen-reader-text\">2011<\/span><\/a><\/p>\n","protected":false},"author":1,"featured_media":0,"parent":0,"menu_order":0,"comment_status":"closed","ping_status":"closed","template":"","meta":{"om_disable_all_campaigns":false,"_monsterinsights_skip_tracking":false,"_monsterinsights_sitenote_active":false,"_monsterinsights_sitenote_note":"","_monsterinsights_sitenote_category":0,"neve_meta_sidebar":"","neve_meta_container":"","neve_meta_enable_content_width":"","neve_meta_content_width":0,"neve_meta_title_alignment":"","neve_meta_author_avatar":"","neve_post_elements_order":"","neve_meta_disable_header":"","neve_meta_disable_footer":"","neve_meta_disable_title":""},"aioseo_notices":[],"_links":{"self":[{"href":"https:\/\/avec-madagascar.fr\/index.php?rest_route=\/wp\/v2\/pages\/591"}],"collection":[{"href":"https:\/\/avec-madagascar.fr\/index.php?rest_route=\/wp\/v2\/pages"}],"about":[{"href":"https:\/\/avec-madagascar.fr\/index.php?rest_route=\/wp\/v2\/types\/page"}],"author":[{"embeddable":true,"href":"https:\/\/avec-madagascar.fr\/index.php?rest_route=\/wp\/v2\/users\/1"}],"replies":[{"embeddable":true,"href":"https:\/\/avec-madagascar.fr\/index.php?rest_route=%2Fwp%2Fv2%2Fcomments&post=591"}],"version-history":[{"count":2,"href":"https:\/\/avec-madagascar.fr\/index.php?rest_route=\/wp\/v2\/pages\/591\/revisions"}],"predecessor-version":[{"id":605,"href":"https:\/\/avec-madagascar.fr\/index.php?rest_route=\/wp\/v2\/pages\/591\/revisions\/605"}],"wp:attachment":[{"href":"https:\/\/avec-madagascar.fr\/index.php?rest_route=%2Fwp%2Fv2%2Fmedia&parent=591"}],"curies":[{"name":"wp","href":"https:\/\/api.w.org\/{rel}","templated":true}]}}