{"id":598,"date":"2022-06-07T22:48:17","date_gmt":"2022-06-07T22:48:17","guid":{"rendered":"https:\/\/avec-madagascar.fr\/?page_id=598"},"modified":"2022-06-07T22:48:17","modified_gmt":"2022-06-07T22:48:17","slug":"2008-2","status":"publish","type":"page","link":"https:\/\/avec-madagascar.fr\/?page_id=598","title":{"rendered":"2008"},"content":{"rendered":"\n<p><strong>Deux projets en r\u00e9alisation en 2008&nbsp;:<\/strong><\/p>\n\n\n\n<ul><li>Alimentation en eau du dispensaire de Marotsiriry, au moyen d\u2019un puits et d\u2019une pompe immerg\u00e9e aliment\u00e9e en \u00e9nergie par des panneaux solaires\u00a0: budget estim\u00e9 \u00e0 6 000 \u20ac pour le puits et une tour, et \u00e0 3 700 \u20ac pour les \u00e9quipements solaires et la pompe.<\/li><li>Formation \u00e0 la bureautique au Centre Culturel et Social pour Filles de Tamatave\u00a0: des ordinateurs donn\u00e9s \u00e0 l\u2019association ont \u00e9t\u00e9 envoy\u00e9s par bateau gr\u00e2ce \u00e0 la soci\u00e9t\u00e9 Colas\u00a0; un coop\u00e9rant fran\u00e7ais est parti en mission (mai 2008 \u2013 avril 2009) pour installer ces mat\u00e9riels dans des locaux \u00e9quip\u00e9s\u00a0; les cours ont commenc\u00e9 en octobre pour une section de promotion sociale et dans le cadre d\u2019une formation professionnelle dipl\u00f4mante. Le budget allou\u00e9 par AVEC \u00e0 cette op\u00e9ration est de 2 000 \u20ac.<\/li><\/ul>\n","protected":false},"excerpt":{"rendered":"<p>Deux projets en r\u00e9alisation en 2008&nbsp;: Alimentation en eau du dispensaire de Marotsiriry, au moyen d\u2019un puits et d\u2019une pompe immerg\u00e9e aliment\u00e9e en \u00e9nergie par des panneaux solaires\u00a0: budget estim\u00e9 \u00e0 6 000 \u20ac pour le puits et une tour, et \u00e0 3 700 \u20ac pour les \u00e9quipements solaires et la pompe. Formation \u00e0 la&hellip;&nbsp;<a href=\"https:\/\/avec-madagascar.fr\/?page_id=598\" class=\"\" rel=\"bookmark\">Lire la suite &raquo;<span class=\"screen-reader-text\">2008<\/span><\/a><\/p>\n","protected":false},"author":1,"featured_media":0,"parent":0,"menu_order":0,"comment_status":"closed","ping_status":"closed","template":"","meta":{"om_disable_all_campaigns":false,"_monsterinsights_skip_tracking":false,"_monsterinsights_sitenote_active":false,"_monsterinsights_sitenote_note":"","_monsterinsights_sitenote_category":0,"neve_meta_sidebar":"","neve_meta_container":"","neve_meta_enable_content_width":"","neve_meta_content_width":0,"neve_meta_title_alignment":"","neve_meta_author_avatar":"","neve_post_elements_order":"","neve_meta_disable_header":"","neve_meta_disable_footer":"","neve_meta_disable_title":""},"aioseo_notices":[],"_links":{"self":[{"href":"https:\/\/avec-madagascar.fr\/index.php?rest_route=\/wp\/v2\/pages\/598"}],"collection":[{"href":"https:\/\/avec-madagascar.fr\/index.php?rest_route=\/wp\/v2\/pages"}],"about":[{"href":"https:\/\/avec-madagascar.fr\/index.php?rest_route=\/wp\/v2\/types\/page"}],"author":[{"embeddable":true,"href":"https:\/\/avec-madagascar.fr\/index.php?rest_route=\/wp\/v2\/users\/1"}],"replies":[{"embeddable":true,"href":"https:\/\/avec-madagascar.fr\/index.php?rest_route=%2Fwp%2Fv2%2Fcomments&post=598"}],"version-history":[{"count":1,"href":"https:\/\/avec-madagascar.fr\/index.php?rest_route=\/wp\/v2\/pages\/598\/revisions"}],"predecessor-version":[{"id":599,"href":"https:\/\/avec-madagascar.fr\/index.php?rest_route=\/wp\/v2\/pages\/598\/revisions\/599"}],"wp:attachment":[{"href":"https:\/\/avec-madagascar.fr\/index.php?rest_route=%2Fwp%2Fv2%2Fmedia&parent=598"}],"curies":[{"name":"wp","href":"https:\/\/api.w.org\/{rel}","templated":true}]}}