{"id":600,"date":"2022-06-07T22:49:44","date_gmt":"2022-06-07T22:49:44","guid":{"rendered":"https:\/\/avec-madagascar.fr\/?page_id=600"},"modified":"2022-06-07T22:49:45","modified_gmt":"2022-06-07T22:49:45","slug":"2007-2","status":"publish","type":"page","link":"https:\/\/avec-madagascar.fr\/?page_id=600","title":{"rendered":"2007"},"content":{"rendered":"\n<p><strong>Le projet r\u00e9alis\u00e9 en 2007 :<\/strong><\/p>\n\n\n\n<p>R\u00e9pliquer l\u2019exp\u00e9rience concluante de 2006 en \u00e9lectrifiant un nouveau dispensaire en brousse \u00e0 Marotsiriry (20 km \u00e0 l\u2019ouest de Mahanoro) au moyen de panneaux solaires (1,2 kWh) et en achetant des r\u00e9frig\u00e9rateurs solaires pour conserver vaccins et m\u00e9dicaments ainsi qu\u2019en r\u00e9alisant l\u2019interconnexion avec 1 groupe \u00e9lectrog\u00e8ne.<\/p>\n\n\n\n<p>Sur un budget total qui s\u2019\u00e9l\u00e8ve \u00e0 un peu plus de 20.000 \u20ac, AVEC a apport\u00e9 sur ses fonds propres plus de 10.000 \u20ac avec le soutien du Comit\u00e9 d\u2019entreprise de Cr\u00e9dit Agricole SA et gr\u00e2ce \u00e0 la confiance de la Direction G\u00e9n\u00e9rale de Cr\u00e9dit Agricole S.A. avec laquelle a \u00e9t\u00e9 sign\u00e9e en d\u00e9cembre 2006 une convention de m\u00e9c\u00e9nat humanitaire. Les installations sont op\u00e9rationnelles, elles ont \u00e9t\u00e9 contr\u00f4l\u00e9es lors du voyage en mai 2007. Lors de ce voyage il a visit\u00e9 le dispensaire d\u2019Antsiramandroso et des travaux compl\u00e9mentaires ont alors \u00e9t\u00e9 d\u00e9cid\u00e9s<\/p>\n\n\n\n<p>Parall\u00e8lement, les op\u00e9rations de distribution dans les \u00e9coles ont \u00e9t\u00e9 renouvel\u00e9es&nbsp;; une mission m\u00e9dicale de 6 personnes (m\u00e9decins, dentiste, infirmi\u00e8re et \u00e9l\u00e8ve infirmi\u00e8re) est intervenue en mai dans les 2 dispensaires et une seconde mission de 3 personnes (2 m\u00e9decins et 1 infirmi\u00e8re) est programm\u00e9e en novembre 2007 dans le dispensaire de Marotsiriry.<\/p>\n\n\n\n<p>A cette occasion tout un travail de structuration du partenariat franco-malgache a \u00e9t\u00e9 effectu\u00e9 avec le conseil sup\u00e9rieur de la congr\u00e9gation : signature d\u2019une convention de partenariat, de 2 contrats de r\u00e9alisation pour chacun des 2 dispensaires (Antsiramandroso et Marotsiriry) et de 2 avenants pour les travaux compl\u00e9mentaires.<\/p>\n","protected":false},"excerpt":{"rendered":"<p>Le projet r\u00e9alis\u00e9 en 2007 : R\u00e9pliquer l\u2019exp\u00e9rience concluante de 2006 en \u00e9lectrifiant un nouveau dispensaire en brousse \u00e0 Marotsiriry (20 km \u00e0 l\u2019ouest de Mahanoro) au moyen de panneaux solaires (1,2 kWh) et en achetant des r\u00e9frig\u00e9rateurs solaires pour conserver vaccins et m\u00e9dicaments ainsi qu\u2019en r\u00e9alisant l\u2019interconnexion avec 1 groupe \u00e9lectrog\u00e8ne. Sur un budget&hellip;&nbsp;<a href=\"https:\/\/avec-madagascar.fr\/?page_id=600\" class=\"\" rel=\"bookmark\">Lire la suite &raquo;<span class=\"screen-reader-text\">2007<\/span><\/a><\/p>\n","protected":false},"author":1,"featured_media":0,"parent":0,"menu_order":0,"comment_status":"closed","ping_status":"closed","template":"","meta":{"om_disable_all_campaigns":false,"_monsterinsights_skip_tracking":false,"_monsterinsights_sitenote_active":false,"_monsterinsights_sitenote_note":"","_monsterinsights_sitenote_category":0,"neve_meta_sidebar":"","neve_meta_container":"","neve_meta_enable_content_width":"","neve_meta_content_width":0,"neve_meta_title_alignment":"","neve_meta_author_avatar":"","neve_post_elements_order":"","neve_meta_disable_header":"","neve_meta_disable_footer":"","neve_meta_disable_title":""},"aioseo_notices":[],"_links":{"self":[{"href":"https:\/\/avec-madagascar.fr\/index.php?rest_route=\/wp\/v2\/pages\/600"}],"collection":[{"href":"https:\/\/avec-madagascar.fr\/index.php?rest_route=\/wp\/v2\/pages"}],"about":[{"href":"https:\/\/avec-madagascar.fr\/index.php?rest_route=\/wp\/v2\/types\/page"}],"author":[{"embeddable":true,"href":"https:\/\/avec-madagascar.fr\/index.php?rest_route=\/wp\/v2\/users\/1"}],"replies":[{"embeddable":true,"href":"https:\/\/avec-madagascar.fr\/index.php?rest_route=%2Fwp%2Fv2%2Fcomments&post=600"}],"version-history":[{"count":1,"href":"https:\/\/avec-madagascar.fr\/index.php?rest_route=\/wp\/v2\/pages\/600\/revisions"}],"predecessor-version":[{"id":601,"href":"https:\/\/avec-madagascar.fr\/index.php?rest_route=\/wp\/v2\/pages\/600\/revisions\/601"}],"wp:attachment":[{"href":"https:\/\/avec-madagascar.fr\/index.php?rest_route=%2Fwp%2Fv2%2Fmedia&parent=600"}],"curies":[{"name":"wp","href":"https:\/\/api.w.org\/{rel}","templated":true}]}}