{"id":602,"date":"2022-06-07T22:52:02","date_gmt":"2022-06-07T22:52:02","guid":{"rendered":"https:\/\/avec-madagascar.fr\/?page_id=602"},"modified":"2022-06-07T22:52:51","modified_gmt":"2022-06-07T22:52:51","slug":"2006-2","status":"publish","type":"page","link":"https:\/\/avec-madagascar.fr\/?page_id=602","title":{"rendered":"2006"},"content":{"rendered":"\n<p>Consid\u00e9rant la subvention vers\u00e9e par le CE de Cr\u00e9dit Agricole sa, \u00e0 hauteur de 3 621,40 \u20ac, l\u2019assembl\u00e9e g\u00e9n\u00e9rale d\u00e9cide \u00e0 l\u2019unanimit\u00e9 d\u2019arrondir cette somme et d\u2019allouer 3 800 euros au projet d\u2019\u00e9lectrification du dispensaire d\u2019Antsiramandroso et d\u2019allouer une subvention de 200 euros pour contribuer au voyage de l\u2019\u00e9tudiant d\u2019ASI 2000 qui participera au contr\u00f4le de l\u2019\u00e9lectrification du dispensaire d\u2019Antsiramandroso avec Maurice JOMARD, son pr\u00e9sident.<\/p>\n\n\n\n<p><strong>Le premier projet r\u00e9alis\u00e9 d\u00e8s juillet 2006&nbsp;:<\/strong><\/p>\n\n\n\n<p>L\u2019\u00e9lectrification du dispensaire en brousse d\u2019Antsiramandroso au moyen de 17 panneaux solaires (la puissance install\u00e9e est de 1,6 kWh), l\u2019achat de 2 r\u00e9frig\u00e9rateurs solaires pour la conservation des vaccins et des m\u00e9dicaments ainsi que l\u2019interconnexion avec 2 groupes \u00e9lectrog\u00e8nes. Le budget final s\u2019est \u00e9lev\u00e9 \u00e0 un peu plus de 20.000 \u20ac, collect\u00e9s par AVEC et le Lions Club.<\/p>\n\n\n\n<p>Lors du voyage sur place en juillet 2006, pour contr\u00f4ler l\u2019installation avec un jeune \u00e9l\u00e8ve ing\u00e9nieur franco-malgache, les intervenants ont emport\u00e9 des brosses \u00e0 dents, des anneaux dentaires, des petites peluches et des m\u00e9dicaments, collect\u00e9s en France, qui ont \u00e9t\u00e9 distribu\u00e9s.<\/p>\n\n\n\n<p>Au pr\u00e9alable en mai 2006, une \u00e9quipe m\u00e9dicale de 4 personnes (2 m\u00e9decins, 1 dentiste et 1 infirmi\u00e8re) a travaill\u00e9 aupr\u00e8s des infirmi\u00e8res locales dans le dispensaire d\u2019Antsiramandroso ainsi que dans un village isol\u00e9 o\u00f9 r\u00e9sident des l\u00e9preux (Sahambala). Ils ont prodigu\u00e9 des soins divers \u00e0 la population (m\u00e9decine, p\u00e9diatrie, chirurgie dentaire, etc.).<\/p>\n","protected":false},"excerpt":{"rendered":"<p>Consid\u00e9rant la subvention vers\u00e9e par le CE de Cr\u00e9dit Agricole sa, \u00e0 hauteur de 3 621,40 \u20ac, l\u2019assembl\u00e9e g\u00e9n\u00e9rale d\u00e9cide \u00e0 l\u2019unanimit\u00e9 d\u2019arrondir cette somme et d\u2019allouer 3 800 euros au projet d\u2019\u00e9lectrification du dispensaire d\u2019Antsiramandroso et d\u2019allouer une subvention de 200 euros pour contribuer au voyage de l\u2019\u00e9tudiant d\u2019ASI 2000 qui participera au contr\u00f4le&hellip;&nbsp;<a href=\"https:\/\/avec-madagascar.fr\/?page_id=602\" class=\"\" rel=\"bookmark\">Lire la suite &raquo;<span class=\"screen-reader-text\">2006<\/span><\/a><\/p>\n","protected":false},"author":1,"featured_media":0,"parent":0,"menu_order":0,"comment_status":"closed","ping_status":"closed","template":"","meta":{"om_disable_all_campaigns":false,"_monsterinsights_skip_tracking":false,"_monsterinsights_sitenote_active":false,"_monsterinsights_sitenote_note":"","_monsterinsights_sitenote_category":0,"neve_meta_sidebar":"","neve_meta_container":"","neve_meta_enable_content_width":"","neve_meta_content_width":0,"neve_meta_title_alignment":"","neve_meta_author_avatar":"","neve_post_elements_order":"","neve_meta_disable_header":"","neve_meta_disable_footer":"","neve_meta_disable_title":""},"aioseo_notices":[],"_links":{"self":[{"href":"https:\/\/avec-madagascar.fr\/index.php?rest_route=\/wp\/v2\/pages\/602"}],"collection":[{"href":"https:\/\/avec-madagascar.fr\/index.php?rest_route=\/wp\/v2\/pages"}],"about":[{"href":"https:\/\/avec-madagascar.fr\/index.php?rest_route=\/wp\/v2\/types\/page"}],"author":[{"embeddable":true,"href":"https:\/\/avec-madagascar.fr\/index.php?rest_route=\/wp\/v2\/users\/1"}],"replies":[{"embeddable":true,"href":"https:\/\/avec-madagascar.fr\/index.php?rest_route=%2Fwp%2Fv2%2Fcomments&post=602"}],"version-history":[{"count":2,"href":"https:\/\/avec-madagascar.fr\/index.php?rest_route=\/wp\/v2\/pages\/602\/revisions"}],"predecessor-version":[{"id":604,"href":"https:\/\/avec-madagascar.fr\/index.php?rest_route=\/wp\/v2\/pages\/602\/revisions\/604"}],"wp:attachment":[{"href":"https:\/\/avec-madagascar.fr\/index.php?rest_route=%2Fwp%2Fv2%2Fmedia&parent=602"}],"curies":[{"name":"wp","href":"https:\/\/api.w.org\/{rel}","templated":true}]}}